{"id":9731,"date":"2023-05-23T17:28:32","date_gmt":"2023-05-23T17:28:32","guid":{"rendered":"https:\/\/wasteprousa.wpenginepowered.com\/?page_id=9731"},"modified":"2023-05-26T20:31:39","modified_gmt":"2023-05-26T20:31:39","slug":"mesi-kot-palmis","status":"publish","type":"page","link":"https:\/\/www.wasteprousa.com\/ht\/mesi-kot-palmis\/","title":{"rendered":"Waste Pro Bins - Vr\u00e8 reyalite yo"},"content":{"rendered":"<p style=\"text-align: left;\"><strong>Pou rezidan, kliyan, ak zanmi ki gen val\u00e8 Palm Coast yo,<\/strong><\/p>\n<p style=\"text-align: left;\">Apre 17 ane ap s\u00e8vi w ak fy\u00e8te, rezidan Palm Coast, vil la te chwazi pou k\u00f2manse s\u00e8vis koleksyon ak yon nouvo konpayi efikas.\u00a0<u>1ye jen 2023<\/u>. Nou fy\u00e8 de s\u00e8vis nou te bay pou pr\u00e8ske de deseni. An reyalite, divizyon lokal nou an kenbe yon 4.8 Google Star Rating ki pi wo pase nenp\u00f2t founis\u00e8 nan z\u00f2n nan mache Metro ki antoure.  Sa a se yon temwayaj pou ekip lokal nou yo ki baze nan Palm Coast ak devouman yo nan s\u00e8vis ak sekirite.<\/p>\n<p style=\"text-align: left;\">Li enp\u00f2tan pou nou ke ou menm, kliyan val\u00e8 nou yo, konnen reyalite yo. Pandan k\u00e8k sem\u00e8n ki sot pase yo epi ki mennen nan d\u00e8nye jou s\u00e8vis nou yo, Waste Pro te byen kominike yon plan tranzisyon ki gen ladann yon plan koleksyon pou ranmase bwat resiklaj ki make Waste Pro yo. Yo te ba w posode ki posede Waste Pro nan k\u00f2mansman kontra a ak pandan ane s\u00e8vis yo pou w itilize pou koleksyon pandan vil la te sou kontra av\u00e8k Waste Pro. Yon fwa yo kolekte byen sa yo, yo pral reutilize yo pou itilize nan tout anprint 10 eta nou yo.<\/p>\n<p style=\"text-align: left;\">Anplis de sa, pou bay yon tranzisyon lis, epi asire ke ou, kliyan ki gen val\u00e8 nou yo, yo pa te kite san yon bin, Waste Pro pwolonje \u00f2f pou vann bwat resiklaj yo a yon pri rab\u00e8. Li se twoublan ke vil la pa t pran okenn etap pou jwenn nouvo bwat resiklaj. Anpil diskisyon ak reyinyon tranzisyon te f\u00e8t ak anplwaye vil la ak jesyon Waste Pro. Sij\u00e8 a nan posode mak Waste Pro te byen diskite. Vil la te konprann ekip Waste Pro yo ta pral kolekte bin ki gen mak Waste Pro yo pandan d\u00e8nye sem\u00e8n koleksyon an nan kad tranzisyon\/s\u00f2ti vil la. Li enkwayab pou w panse ke ekipman Waste Pro achte tankou posode, charyo, ak kamyon ta konsidere oswa panse yo se pwopriyete vil la.<\/p>\n<p style=\"text-align: left;\">M\u00e8si paske w te f\u00e8 Waste Pro konfyans pandan 17 ane k\u00f2m patn\u00e8 w nan fatra solid. Nou swete oumenm ak vil la byen pandan w ap k\u00f2manse yon nouvo ak\u00f2 ak yon l\u00f2t founis\u00e8. Ekip koleksyon nou yo ap tann kontinye s\u00e8vis nan Konte Flagler ki pa enk\u00f2pore ak biznis Palm Coast yo.<\/p>\n<p>&nbsp;<\/p>\n<p class=\"p1\" style=\"text-align: center;\">\n<div style=\"width: 1400px;\" class=\"wp-video\"><video class=\"wp-video-shortcode\" id=\"video-9731-1\" width=\"1400\" height=\"788\" poster=\"https:\/\/www.wasteprousa.com\/wp-content\/uploads\/2023\/05\/ThankYouPalmCoast_grab-scaled.jpg\" autoplay preload=\"auto\" controls=\"controls\"><source type=\"video\/mp4\" src=\"https:\/\/www.wasteprousa.com\/wp-content\/uploads\/2023\/05\/WP_PalmCoast_ThankYou_2.mp4?_=1\" \/><a href=\"https:\/\/www.wasteprousa.com\/wp-content\/uploads\/2023\/05\/WP_PalmCoast_ThankYou_2.mp4\">https:\/\/www.wasteprousa.com\/wp-content\/uploads\/2023\/05\/WP_PalmCoast_ThankYou_2.mp4<\/a><\/video><\/div>\n<h2><\/h2>\n<h2 style=\"text-align: center;\"><strong>Se pa orevwa\u2026Nou pral w\u00e8 ou alantou<\/strong><\/h2>\n<p class=\"p1\" style=\"text-align: center;\">Ou pral w\u00e8 nou alantou pandan n ap kontinye s\u00e8vi biznis Palm Coast ak moun nan Konte Flagler k ap viv andey\u00f2 limit vil la. Kidonk, l\u00e8 ou w\u00e8 kamyon nou yo ap woule nan lari a, asire w ke ou vag!<\/p>\n<p class=\"p1\"><strong>Tanpri pran pasyans pandan vil la ap travay nan ranplase posode Waste Pro yo.<\/strong><br \/>\nPou plis enf\u00f2masyon sou ranplase posode Waste Pro yo, vil la ap dirije rezidan yo pou yo vizite <a href=\"https:\/\/www.palmcoast.gov\/Connect\" rel=\"nofollow noopener\" target=\"_blank\">https:\/\/www.palmcoast.gov\/Connect<\/a>.<\/p>","protected":false},"excerpt":{"rendered":"<p>To our valued Palm Coast residents, customers, and friends, After 17 years of proudly serving you, the residents of Palm Coast,\u00a0the city elected to begin collection services with a new company effective\u00a0June 1, 2023. We are proud of the service we have provided for close to two decades. In fact, our local division maintains a&#8230;<\/p>","protected":false},"author":14,"featured_media":0,"parent":0,"menu_order":0,"comment_status":"closed","ping_status":"closed","template":"","meta":{"_acf_changed":false,"advgb_blocks_editor_width":"","advgb_blocks_columns_visual_guide":"","footnotes":""},"class_list":["post-9731","page","type-page","status-publish","hentry"],"acf":{"hide_global_cta_bar":false,"hide_social_header_bar":false,"top_bar_text":"","top_bar_button":null,"header_cta_title":"","header_cta_buttons":null},"coauthors":[],"author_meta":{"author_link":"https:\/\/www.wasteprousa.com\/ht\/author\/sfazal\/","display_name":"Sophie Fazal"},"relative_dates":{"created":"Posted 3 years ago","modified":"Updated 3 years ago"},"absolute_dates":{"created":"Posted on May 23, 2023","modified":"Updated on May 26, 2023"},"absolute_dates_time":{"created":"Posted on May 23, 2023 5:28 pm","modified":"Updated on May 26, 2023 8:31 pm"},"featured_img_caption":"","featured_img":false,"series_order":"","publishpress_future_workflow_manual_trigger":{"enabledWorkflows":[]},"_links":{"self":[{"href":"https:\/\/www.wasteprousa.com\/ht\/wp-json\/wp\/v2\/pages\/9731","targetHints":{"allow":["GET"]}}],"collection":[{"href":"https:\/\/www.wasteprousa.com\/ht\/wp-json\/wp\/v2\/pages"}],"about":[{"href":"https:\/\/www.wasteprousa.com\/ht\/wp-json\/wp\/v2\/types\/page"}],"author":[{"embeddable":true,"href":"https:\/\/www.wasteprousa.com\/ht\/wp-json\/wp\/v2\/users\/14"}],"replies":[{"embeddable":true,"href":"https:\/\/www.wasteprousa.com\/ht\/wp-json\/wp\/v2\/comments?post=9731"}],"version-history":[{"count":0,"href":"https:\/\/www.wasteprousa.com\/ht\/wp-json\/wp\/v2\/pages\/9731\/revisions"}],"wp:attachment":[{"href":"https:\/\/www.wasteprousa.com\/ht\/wp-json\/wp\/v2\/media?parent=9731"}],"curies":[{"name":"wp","href":"https:\/\/api.w.org\/{rel}","templated":true}]}}