{"id":3539,"date":"2018-07-18T00:02:47","date_gmt":"2018-07-18T00:02:47","guid":{"rendered":"https:\/\/wasteprousa.wpenginepowered.com\/?page_id=3539"},"modified":"2024-06-19T16:12:14","modified_gmt":"2024-06-19T21:12:14","slug":"demann-medya-yo","status":"publish","type":"page","link":"https:\/\/www.wasteprousa.com\/ht\/demann-medya-yo\/","title":{"rendered":"Rek\u00e8t medya yo"},"content":{"rendered":"<p><\/p>\n\n\n\n<figure class=\"wp-block-image alignleft\"><img loading=\"lazy\" decoding=\"async\" width=\"273\" height=\"375\" src=\"https:\/\/www.wasteprousa.com\/wp-content\/uploads\/2018\/07\/MediaRelations_sm.jpg\" alt=\"\" class=\"wp-image-3579\" title=\"\" srcset=\"https:\/\/www.wasteprousa.com\/wp-content\/uploads\/2018\/07\/MediaRelations_sm.jpg 273w, https:\/\/www.wasteprousa.com\/wp-content\/uploads\/2018\/07\/MediaRelations_sm-218x300.jpg 218w\" sizes=\"auto, (max-width: 273px) 100vw, 273px\" \/><\/figure>\n\n\n\n<p>Pou rep\u00f2t\u00e8 k ap ch\u00e8che enf\u00f2masyon pou yon istwa ak\/oswa Waste Pro, kontakte ekip Relasyon Media nou an pa imel. Asire ou ke ou bay non w ak enf\u00f2masyon kontak, tankou afilyasyon medya, nimewo telef\u00f2n, ak im\u00e8l, anplis de yon deskripsyon tou kout sou pwoj\u00e8 a ak dat limit la.<\/p>\n\n\n\n<p>Tanpri sonje, Waste Pro pa p\u00e8m\u00e8t fotografi\/videyografi enstalasyon nou yo oswa ent\u00e8vyou ak p\u00e8son\u00e8l nou san p\u00e8misyon Depatman Relasyon Medya K\u00f2porasyon an.<\/p>\n\n\n\n<h3 class=\"wp-block-heading\">RELASYON MEDIA ENTREPRENYE:<\/h3>\n\n\n\n<p>Im\u00e8l:&nbsp;<a href=\"mailto:media@wasteprousa.com\">media@wasteprousa.com<\/a><\/p>\n<style class=\"advgb-styles-renderer\">.page-header h1, .hero-container {display: none;}><\/style>","protected":false},"excerpt":{"rendered":"<p>For reporters seeking information for a story and\/or Waste Pro, contact our Media Relations team via email. Be sure to provide your name and contact information, including media outlet affiliation, phone number, and email, in addition to a brief description of the project and the deadline. Please note, Waste Pro does not allow photography\/videography of&#8230;<\/p>","protected":false},"author":14,"featured_media":0,"parent":0,"menu_order":0,"comment_status":"closed","ping_status":"closed","template":"","meta":{"_acf_changed":false,"advgb_blocks_editor_width":"","advgb_blocks_columns_visual_guide":"","footnotes":""},"class_list":["post-3539","page","type-page","status-publish","hentry"],"acf":{"hide_global_cta_bar":false,"hide_social_header_bar":false,"top_bar_text":"","top_bar_button":null,"header_cta_title":"","header_cta_buttons":null},"coauthors":[],"author_meta":{"author_link":"https:\/\/www.wasteprousa.com\/ht\/author\/sfazal\/","display_name":"Sophie Fazal"},"relative_dates":{"created":"Posted 8 years ago","modified":"Updated 2 years ago"},"absolute_dates":{"created":"Posted on July 18, 2018","modified":"Updated on June 19, 2024"},"absolute_dates_time":{"created":"Posted on July 18, 2018 12:02 am","modified":"Updated on June 19, 2024 4:12 pm"},"featured_img_caption":"","featured_img":false,"series_order":"","publishpress_future_workflow_manual_trigger":{"enabledWorkflows":[]},"_links":{"self":[{"href":"https:\/\/www.wasteprousa.com\/ht\/wp-json\/wp\/v2\/pages\/3539","targetHints":{"allow":["GET"]}}],"collection":[{"href":"https:\/\/www.wasteprousa.com\/ht\/wp-json\/wp\/v2\/pages"}],"about":[{"href":"https:\/\/www.wasteprousa.com\/ht\/wp-json\/wp\/v2\/types\/page"}],"author":[{"embeddable":true,"href":"https:\/\/www.wasteprousa.com\/ht\/wp-json\/wp\/v2\/users\/14"}],"replies":[{"embeddable":true,"href":"https:\/\/www.wasteprousa.com\/ht\/wp-json\/wp\/v2\/comments?post=3539"}],"version-history":[{"count":0,"href":"https:\/\/www.wasteprousa.com\/ht\/wp-json\/wp\/v2\/pages\/3539\/revisions"}],"wp:attachment":[{"href":"https:\/\/www.wasteprousa.com\/ht\/wp-json\/wp\/v2\/media?parent=3539"}],"curies":[{"name":"wp","href":"https:\/\/api.w.org\/{rel}","templated":true}]}}