{"id":637,"date":"2016-11-07T16:29:25","date_gmt":"2016-11-07T16:29:25","guid":{"rendered":"http:\/\/wastepro2.wpro.staging.findsomewinmore.com\/?page_id=637"},"modified":"2024-09-18T09:41:53","modified_gmt":"2024-09-18T14:41:53","slug":"informacion-medioambiental-sobre-combustibles","status":"publish","type":"page","link":"https:\/\/www.wasteprousa.com\/es_pr\/informacion-medioambiental-sobre-combustibles\/","title":{"rendered":"Informaci\u00f3n sobre combustible y medio ambiente"},"content":{"rendered":"<div  class=\"container contain contain--normal\" style=\"padding-bottom:3.5rem;\">\n\n\t<div class=\"contain__inner\" style=\"\">\n\n\t\t<div class=\"acf-innerblocks-container\">\n\n<p class=\"has-text-align-center has-medium-font-size\">Waste Pro se dedica a brindarle la m\u00e1s alta calidad de servicio a un costo razonable.<\/p>\n\n<\/div>\n\n\t<\/div>\n\n<\/div>\n\n\n\n<div  class=\"container wp-elements-213090f697a90e85c0a46eae4ddb6427 contain contain--normal contain--vpad has-white-color has-green-background-color\" style=\"\">\n\n\t<div class=\"contain__inner\" style=\"\">\n\n\t\t<div class=\"acf-innerblocks-container\">\n\n<h2 class=\"wp-block-heading has-text-align-center has-white-color has-text-color has-link-color wp-elements-018bd38e4b516d5fddd944fc628a47c7\">Informaci\u00f3n sobre cargos por combustible y medio ambiente<\/h2>\n\n\n\n<p class=\"has-text-align-center\">Lamentablemente, existen algunos costos que no podemos controlar. Los crecientes costos del combustible y el cumplimiento de las normas ambientales han tenido un impacto tremendo en nuestra industria. En el pasado, a cada cliente se le cobraba una tarifa fija por combustible. Para ser justos con todas las partes involucradas, el cargo por combustible ser\u00e1 un porcentaje fluctuante. A medida que el precio del combustible aumenta, el cargo por combustible aumentar\u00e1 y, a medida que el precio del combustible disminuye, el cargo por combustible disminuir\u00e1.<\/p>\n\n<\/div>\n\n\t<\/div>\n\n<\/div>\n\n\n\n<div  class=\"container contain contain--normal contain--vpad\" style=\"\">\n\n\t<div class=\"contain__inner\" style=\"\">\n\n\t\t<div class=\"acf-innerblocks-container\">\n\n<h2 class=\"wp-block-heading has-text-align-center\">\u00bfC\u00d3MO SE CALCULARON MIS CARGOS DE COMBUSTIBLE?<\/h2>\n\n\n\n<p class=\"has-text-align-center\">El costo del combustible tiene un impacto tremendo en nuestra industria. El Recargo por Combustible permite a Waste Pro mantenerse al d\u00eda, recuperar y compensar el costo del di\u00e9sel, el gas natural (\u201cGNC\u201d) y otros combustibles que Waste Pro usa colectivamente para operar su flota de camiones, desechar desechos y operar sus negocios. El Recargo por Combustible es un porcentaje fluctuante de todos los cargos de factura, incluidas las tarifas pero sin incluir los impuestos. El porcentaje del Recargo por Combustible cambia cada dos meses a medida que cambia el costo del combustible di\u00e9sel (a menos que su contrato de servicio especifique lo contrario). El porcentaje del Recargo por Combustible se basa en el cuadro de Precios Minoristas Semanales de Di\u00e9sel en Carretera que la Administraci\u00f3n de Informaci\u00f3n Energ\u00e9tica del Departamento de Energ\u00eda de los EE. UU. publica en su sitio web, que refleja el precio promedio nacional del combustible di\u00e9sel. Haga clic en este enlace para ver el\u00a0<a href=\"https:\/\/www.eia.gov\/petroleum\/gasdiesel\/\" rel=\"nofollow noopener\" target=\"_blank\"><u>Sitio web del Departamento de Energ\u00eda de EE. UU.<\/u><\/a>\u00a0y consulte la secci\u00f3n de la Costa del Atl\u00e1ntico Inferior, Medio Oeste y Golfo denominada Precios de combustible di\u00e9sel para uso en carretera en EE. UU. Waste Pro utiliza el precio promedio nacional del combustible di\u00e9sel en este cuadro para calcular el porcentaje del recargo por combustible de forma bimestral, como se establece en su Cuadro de \u00edndice Waste Pro\u00a0<a href=\"https:\/\/www.wasteprousa.com\/wp-content\/uploads\/2022\/05\/Waste-Pro-Fuel-Index-Chart-05.16.22.pdf\" target=\"_blank\" rel=\"noreferrer noopener\"><u>Disponible aqu\u00ed<\/u><\/a>Por ejemplo, si la tarifa de combustible de la Administraci\u00f3n de Informaci\u00f3n Energ\u00e9tica\/Departamento de Energ\u00eda es $5.04, entonces el recargo por combustible ser\u00e1 28.22%, como se refleja en el cuadro de \u00edndice Waste Pro. A medida que aumenta el precio promedio nacional del combustible di\u00e9sel, el porcentaje del recargo por combustible aumentar\u00e1 de forma bimestral; a medida que disminuye el precio promedio nacional del combustible di\u00e9sel, el porcentaje del recargo por combustible disminuir\u00e1 de forma bimestral (a menos que su contrato de servicio especifique lo contrario). En un momento dado, Waste Pro no necesariamente paga el precio promedio nacional del combustible di\u00e9sel y el recargo por combustible no refleja el precio que Waste Pro paga por el combustible ni representa los costos directos o indirectos para brindar servicio a un cliente o ruta espec\u00edficos. En cambio, el recargo por combustible ayuda a cubrir los costos de toda la empresa para operar nuestras instalaciones de recolecci\u00f3n, reciclaje, vertedero y estaci\u00f3n de transferencia. No todos los ingresos que recibe Waste Pro del Recargo por Combustible se destinan necesariamente a la recuperaci\u00f3n de costos y parte de los ingresos provenientes de dicho cargo pueden contribuir a las ganancias de Waste Pro.<\/p>\n\n<\/div>\n\n\t<\/div>\n\n<\/div>\n\n\n\n<div  class=\"container wp-elements-86b2cd6f4c146b1145a08ab74bf62fa3 contain contain--normal contain--vpad has-white-color has-green-background-color\" style=\"\">\n\n\t<div class=\"contain__inner\" style=\"\">\n\n\t\t<div class=\"acf-innerblocks-container\">\n\n<h2 class=\"wp-block-heading has-text-align-center has-white-color has-text-color has-link-color wp-elements-af163de75bd616210a9f40eea8ba4c96\">\u00bfC\u00d3MO SE CALCULARON MIS CARGOS AMBIENTALES?<\/h2>\n\n\n\n<p class=\"has-text-align-center\">Waste Pro se dedica a mantener nuestro medio ambiente seguro. La tarifa ambiental est\u00e1 relacionada con el cumplimiento de un alto est\u00e1ndar de cumplimiento ambiental establecido por la administraci\u00f3n interna o agencias regulatorias gubernamentales externas y con operar de manera respetuosa con el medio ambiente. La tarifa ambiental es un cargo recurrente y generalmente es un porcentaje fijo de todos los cargos de la factura, incluida la tarifa de recuperaci\u00f3n de combustible, pero sin incluir los impuestos. La tarifa actual es 16%. Este cargo ayudar\u00e1 a cubrir los costos de toda la compa\u00f1\u00eda para operar nuestras instalaciones de recolecci\u00f3n, reciclaje, vertedero y estaci\u00f3n de transferencia de una manera segura y responsable con el medio ambiente, incluyendo, entre otros, el aumento en el costo de compra de camiones que cumplan con las regulaciones de la EPA con respecto al nivel de emisiones de escape permitidas a la atm\u00f3sfera y la reparaci\u00f3n y reemplazo de los sistemas de emisi\u00f3n de dichos camiones, el alto costo de los camiones propulsados por gas natural comprimido que reducen dr\u00e1sticamente las emisiones nocivas a la atm\u00f3sfera, el costo incurrido por Waste Pro para cumplir con los requisitos federales, estatales y locales relacionados con los vertederos de su propiedad y las tarifas cobradas por los propietarios de vertederos de terceros relacionadas con los costos en los que incurren dichos propietarios para cumplir con los estatutos y regulaciones de protecci\u00f3n ambiental federales, estatales y locales. Los ingresos recibidos por Waste Pro de la Tarifa Ambiental no pueden ser para la recuperaci\u00f3n de costos y pueden contribuir a las ganancias de Waste Pro. Ninguna parte de los ingresos de la Tarifa Ambiental se remite a ninguna entidad gubernamental federal, estatal o local.<\/p>\n\n<\/div>\n\n\t<\/div>\n\n<\/div>","protected":false},"excerpt":{"rendered":"","protected":false},"author":14,"featured_media":2113,"parent":0,"menu_order":0,"comment_status":"closed","ping_status":"closed","template":"page_fullwidth.php","meta":{"_acf_changed":false,"advgb_blocks_editor_width":"","advgb_blocks_columns_visual_guide":"","footnotes":""},"class_list":["post-637","page","type-page","status-publish","has-post-thumbnail","hentry"],"acf":{"hide_global_cta_bar":false,"hide_social_header_bar":false,"top_bar_text":"","top_bar_button":null,"header_cta_title":"","header_cta_buttons":null},"coauthors":[],"author_meta":{"author_link":"https:\/\/www.wasteprousa.com\/es_pr\/author\/sfazal\/","display_name":"Sophie Fazal"},"relative_dates":{"created":"Posted 9 a\u00f1os ago","modified":"Updated 2 a\u00f1os ago"},"absolute_dates":{"created":"Posted on noviembre 7, 2016","modified":"Updated on septiembre 18, 2024"},"absolute_dates_time":{"created":"Posted on noviembre 7, 2016 4:29 pm","modified":"Updated on septiembre 18, 2024 9:41 am"},"featured_img_caption":"","featured_img":"https:\/\/www.wasteprousa.com\/wp-content\/uploads\/2016\/11\/CNG-Refuel-1-2012-e1484079583819.jpg","series_order":"","publishpress_future_workflow_manual_trigger":{"enabledWorkflows":[]},"_links":{"self":[{"href":"https:\/\/www.wasteprousa.com\/es_pr\/wp-json\/wp\/v2\/pages\/637","targetHints":{"allow":["GET"]}}],"collection":[{"href":"https:\/\/www.wasteprousa.com\/es_pr\/wp-json\/wp\/v2\/pages"}],"about":[{"href":"https:\/\/www.wasteprousa.com\/es_pr\/wp-json\/wp\/v2\/types\/page"}],"author":[{"embeddable":true,"href":"https:\/\/www.wasteprousa.com\/es_pr\/wp-json\/wp\/v2\/users\/14"}],"replies":[{"embeddable":true,"href":"https:\/\/www.wasteprousa.com\/es_pr\/wp-json\/wp\/v2\/comments?post=637"}],"version-history":[{"count":0,"href":"https:\/\/www.wasteprousa.com\/es_pr\/wp-json\/wp\/v2\/pages\/637\/revisions"}],"wp:featuredmedia":[{"embeddable":true,"href":"https:\/\/www.wasteprousa.com\/es_pr\/wp-json\/wp\/v2\/media\/2113"}],"wp:attachment":[{"href":"https:\/\/www.wasteprousa.com\/es_pr\/wp-json\/wp\/v2\/media?parent=637"}],"curies":[{"name":"wp","href":"https:\/\/api.w.org\/{rel}","templated":true}]}}