{"id":13820,"date":"2025-07-31T08:35:44","date_gmt":"2025-07-31T12:35:44","guid":{"rendered":"https:\/\/www.wasteprousa.com\/?page_id=13820"},"modified":"2025-07-31T08:36:17","modified_gmt":"2025-07-31T12:36:17","slug":"nuevo-portal-del-cliente","status":"publish","type":"page","link":"https:\/\/www.wasteprousa.com\/es_pr\/nuevo-portal-del-cliente\/","title":{"rendered":"Nuevo portal del cliente"},"content":{"rendered":"<p class=\"has-medium-font-size\">Estamos construyendo un nuevo y mejorado Portal del Cliente Waste Pro para su comodidad. Pedimos disculpas por la interrupci\u00f3n mientras se realiza el cambio. El Portal del Cliente Waste Pro estar\u00e1 disponible en breve. Waste Pro le enviar\u00e1 una invitaci\u00f3n por correo electr\u00f3nico (si nos ha proporcionado una) una vez completado.  Gracias por su comprensi\u00f3n, Waste Pro Gesti\u00f3n.\u00a0<\/p>","protected":false},"excerpt":{"rendered":"<p>Estamos construyendo un nuevo y mejorado Portal del Cliente Waste Pro para su comodidad. Pedimos disculpas por la interrupci\u00f3n mientras se realiza el cambio. El Portal del Cliente Waste Pro estar\u00e1 disponible en breve. Waste Pro le enviar\u00e1 una invitaci\u00f3n por correo electr\u00f3nico (si nos ha proporcionado una) una vez completado.  Gracias por su comprensi\u00f3n,...<\/p>","protected":false},"author":23,"featured_media":0,"parent":0,"menu_order":0,"comment_status":"closed","ping_status":"closed","template":"","meta":{"_acf_changed":false,"advgb_blocks_editor_width":"","advgb_blocks_columns_visual_guide":"","footnotes":""},"class_list":["post-13820","page","type-page","status-publish","hentry"],"acf":{"hide_global_cta_bar":false,"hide_social_header_bar":false,"top_bar_text":"","top_bar_button":"","header_cta_title":"","header_cta_buttons":null},"coauthors":[],"author_meta":{"author_link":"https:\/\/www.wasteprousa.com\/es_pr\/author\/evan\/","display_name":"Waste Pro"},"relative_dates":{"created":"Posted 8 meses ago","modified":"Updated 8 meses ago"},"absolute_dates":{"created":"Posted on julio 31, 2025","modified":"Updated on julio 31, 2025"},"absolute_dates_time":{"created":"Posted on julio 31, 2025 8:35 am","modified":"Updated on julio 31, 2025 8:36 am"},"featured_img_caption":"","featured_img":false,"series_order":"","publishpress_future_workflow_manual_trigger":{"enabledWorkflows":[]},"_links":{"self":[{"href":"https:\/\/www.wasteprousa.com\/es_pr\/wp-json\/wp\/v2\/pages\/13820","targetHints":{"allow":["GET"]}}],"collection":[{"href":"https:\/\/www.wasteprousa.com\/es_pr\/wp-json\/wp\/v2\/pages"}],"about":[{"href":"https:\/\/www.wasteprousa.com\/es_pr\/wp-json\/wp\/v2\/types\/page"}],"author":[{"embeddable":true,"href":"https:\/\/www.wasteprousa.com\/es_pr\/wp-json\/wp\/v2\/users\/23"}],"replies":[{"embeddable":true,"href":"https:\/\/www.wasteprousa.com\/es_pr\/wp-json\/wp\/v2\/comments?post=13820"}],"version-history":[{"count":0,"href":"https:\/\/www.wasteprousa.com\/es_pr\/wp-json\/wp\/v2\/pages\/13820\/revisions"}],"wp:attachment":[{"href":"https:\/\/www.wasteprousa.com\/es_pr\/wp-json\/wp\/v2\/media?parent=13820"}],"curies":[{"name":"wp","href":"https:\/\/api.w.org\/{rel}","templated":true}]}}