{"id":10945,"date":"2023-12-22T19:36:15","date_gmt":"2023-12-22T19:36:15","guid":{"rendered":"https:\/\/wasteprousa.wpenginepowered.com\/?page_id=10945"},"modified":"2025-01-17T11:40:18","modified_gmt":"2025-01-17T16:40:18","slug":"servicios-residenciales","status":"publish","type":"page","link":"https:\/\/www.wasteprousa.com\/es_pr\/servicios-residenciales\/","title":{"rendered":"Servicio Residencial"},"content":{"rendered":"<p class=\"has-text-align-center has-medium-font-size\">En Waste Pro, nos comprometemos a brindar servicios de reciclaje y eliminaci\u00f3n de residuos confiables y responsables a nuestros residentes porque sabemos que nuestros esfuerzos tienen un impacto directo en sus hogares y vecindarios. Nuestra misi\u00f3n es mejorar su calidad de vida al brindarle un servicio de recolecci\u00f3n de residuos residenciales en la acera semanal que sea profesional, confiable y a un precio econ\u00f3mico. Brindamos servicio a sus vecindarios con veh\u00edculos de bajo consumo de combustible y bajas emisiones, y nuestros conductores est\u00e1n altamente capacitados, respetan su propiedad y se preocupan por la seguridad del vecindario. Al ofrecer una amplia gama de soluciones de saneamiento residencial, permitimos la personalizaci\u00f3n de los servicios de recolecci\u00f3n de basura y reciclaje para que se adapten mejor a sus necesidades, al mismo tiempo que fortalecemos, protegemos y preservamos las \u00e1reas en las que todos vivimos.<\/p>\n\n\n\n<div  class=\"block-boxes has-3-cols\">\n\t<div class=\"block-boxes__inner\">\n\n\t\t\t\t\t<div class=\"block-boxes__items\">\n\t\t\t\t\n\t\t\t\t\t\n\t\t\t\t\t<div class=\"block-boxes__item\">\n\t\t\t\t\t\t\n\t\t\t\t\t\t\t\t\t\t\t\t\t<h2 class=\"block-boxes__title h3\">RESIDUOS DOM\u00c9STICOS PELIGROSOS<\/h2>\n\t\t\t\t\t\t\n\t\t\t\t\t\t\n\t\t\t\t\t\t\t\t\t\t\t<\/div>\n\n\t\t\t\t\t\t\t<\/div>\n\t\t\n\t<\/div>\n<\/div>","protected":false},"excerpt":{"rendered":"<p>At Waste Pro, we are committed to providing reliable and responsible recycling and waste disposal services to our residents because we know our efforts have a direct impact on your homes and neighborhoods. Our mission is to enhance your quality of life by providing weekly curbside residential waste collection that is professional, dependable, and value-priced&#8230;.<\/p>","protected":false},"author":23,"featured_media":1494,"parent":0,"menu_order":0,"comment_status":"closed","ping_status":"closed","template":"","meta":{"_acf_changed":false,"advgb_blocks_editor_width":"","advgb_blocks_columns_visual_guide":"","footnotes":""},"class_list":["post-10945","page","type-page","status-publish","has-post-thumbnail","hentry"],"acf":{"hide_global_cta_bar":false,"hide_social_header_bar":false,"top_bar_text":"","top_bar_button":"","header_cta_title":"","header_cta_buttons":null},"coauthors":[],"author_meta":{"author_link":"https:\/\/www.wasteprousa.com\/es_pr\/author\/evan\/","display_name":"Waste Pro"},"relative_dates":{"created":"Posted 2 a\u00f1os ago","modified":"Updated 1 a\u00f1o ago"},"absolute_dates":{"created":"Posted on diciembre 22, 2023","modified":"Updated on enero 17, 2025"},"absolute_dates_time":{"created":"Posted on diciembre 22, 2023 7:36 pm","modified":"Updated on enero 17, 2025 11:40 am"},"featured_img_caption":"","featured_img":"https:\/\/www.wasteprousa.com\/wp-content\/uploads\/2016\/11\/resident-main-page.jpg","series_order":"","publishpress_future_workflow_manual_trigger":{"enabledWorkflows":[]},"_links":{"self":[{"href":"https:\/\/www.wasteprousa.com\/es_pr\/wp-json\/wp\/v2\/pages\/10945","targetHints":{"allow":["GET"]}}],"collection":[{"href":"https:\/\/www.wasteprousa.com\/es_pr\/wp-json\/wp\/v2\/pages"}],"about":[{"href":"https:\/\/www.wasteprousa.com\/es_pr\/wp-json\/wp\/v2\/types\/page"}],"author":[{"embeddable":true,"href":"https:\/\/www.wasteprousa.com\/es_pr\/wp-json\/wp\/v2\/users\/23"}],"replies":[{"embeddable":true,"href":"https:\/\/www.wasteprousa.com\/es_pr\/wp-json\/wp\/v2\/comments?post=10945"}],"version-history":[{"count":0,"href":"https:\/\/www.wasteprousa.com\/es_pr\/wp-json\/wp\/v2\/pages\/10945\/revisions"}],"wp:featuredmedia":[{"embeddable":true,"href":"https:\/\/www.wasteprousa.com\/es_pr\/wp-json\/wp\/v2\/media\/1494"}],"wp:attachment":[{"href":"https:\/\/www.wasteprousa.com\/es_pr\/wp-json\/wp\/v2\/media?parent=10945"}],"curies":[{"name":"wp","href":"https:\/\/api.w.org\/{rel}","templated":true}]}}