{"id":10941,"date":"2023-12-22T18:51:43","date_gmt":"2023-12-22T18:51:43","guid":{"rendered":"https:\/\/wasteprousa.wpenginepowered.com\/?page_id=10941"},"modified":"2023-12-22T18:52:01","modified_gmt":"2023-12-22T18:52:01","slug":"liderazgo","status":"publish","type":"page","link":"https:\/\/www.wasteprousa.com\/es_pr\/liderazgo\/","title":{"rendered":"Liderazgo"},"content":{"rendered":"<p class=\"has-text-align-center has-medium-font-size\">El conocimiento, la experiencia y el compromiso de nuestros l\u00edderes hacen de Waste Pro una de las empresas de gesti\u00f3n de residuos de m\u00e1s r\u00e1pido crecimiento en los Estados Unidos.<\/p>\n\n\n\n<div style=\"height:4rem\" aria-hidden=\"true\" class=\"wp-block-spacer\"><\/div>\n\n\n\n<div  class=\"block-leadership\">\n\n\t<div class=\"block-leadership__grid\">\n\n\t\t\t\t\t\n\t\t\t<a href=\"https:\/\/www.wasteprousa.com\/es_pr\/liderazgo\/juan-jennings\/\" class=\"block-leadership__leader\">\n\t\t\t\t\t\t\t\t\t<img decoding=\"async\" src=\"https:\/\/www.wasteprousa.com\/wp-content\/uploads\/2016\/10\/john-jennings1.jpg\" alt=\"\" title=\"\">\n\t\t\t\t\t\t\t\t<div class=\"block-leadership__content\">\n\t\t\t\t\t<h3 class=\"block-leadership__name\">\n\t\t\t\t\t\tJuan Jennings\t\t\t\t\t<\/h3>\n\t\t\t\t\t<span class=\"block-leadership__position\">\n\t\t\t\t\t\tPresidente del Consejo Ejecutivo\t\t\t\t\t<\/span>\n\t\t\t\t<\/div>\n\t\t\t<\/a>\n\t\t\t\t\t\n\t\t\t<a href=\"https:\/\/www.wasteprousa.com\/es_pr\/liderazgo\/sean-jennings\/\" class=\"block-leadership__leader\">\n\t\t\t\t\t\t\t\t\t<img decoding=\"async\" src=\"https:\/\/www.wasteprousa.com\/wp-content\/uploads\/2018\/04\/SJenningsHeadshot.jpg\" alt=\"\" title=\"\">\n\t\t\t\t\t\t\t\t<div class=\"block-leadership__content\">\n\t\t\t\t\t<h3 class=\"block-leadership__name\">\n\t\t\t\t\t\tSean Jennings\t\t\t\t\t<\/h3>\n\t\t\t\t\t<span class=\"block-leadership__position\">\n\t\t\t\t\t\tPresidente y Director Ejecutivo\t\t\t\t\t<\/span>\n\t\t\t\t<\/div>\n\t\t\t<\/a>\n\t\t\t\t\t\n\t\t\t<a href=\"https:\/\/www.wasteprousa.com\/es_pr\/liderazgo\/cort-sabina\/\" class=\"block-leadership__leader\">\n\t\t\t\t\t\t\t\t\t<img decoding=\"async\" src=\"https:\/\/www.wasteprousa.com\/wp-content\/uploads\/2023\/06\/Cort-Sabina.png\" alt=\"\" title=\"\">\n\t\t\t\t\t\t\t\t<div class=\"block-leadership__content\">\n\t\t\t\t\t<h3 class=\"block-leadership__name\">\n\t\t\t\t\t\tCorte Sabina\t\t\t\t\t<\/h3>\n\t\t\t\t\t<span class=\"block-leadership__position\">\n\t\t\t\t\t\tExecutive Vice President &#038; Chief Financial Officer \t\t\t\t\t<\/span>\n\t\t\t\t<\/div>\n\t\t\t<\/a>\n\t\t\t\t\t\n\t\t\t<a href=\"https:\/\/www.wasteprousa.com\/es_pr\/liderazgo\/keith-banasiak\/\" class=\"block-leadership__leader\">\n\t\t\t\t\t\t\t\t\t<img decoding=\"async\" src=\"https:\/\/www.wasteprousa.com\/wp-content\/uploads\/2023\/06\/Banasiak_Keith-Headshot-2024.jpg\" alt=\"\" title=\"\">\n\t\t\t\t\t\t\t\t<div class=\"block-leadership__content\">\n\t\t\t\t\t<h3 class=\"block-leadership__name\">\n\t\t\t\t\t\tKeith Banasiak\t\t\t\t\t<\/h3>\n\t\t\t\t\t<span class=\"block-leadership__position\">\n\t\t\t\t\t\tDirector de operaciones y vicepresidente s\u00e9nior\t\t\t\t\t<\/span>\n\t\t\t\t<\/div>\n\t\t\t<\/a>\n\t\t\t\t\t\n\t\t\t<a href=\"https:\/\/www.wasteprousa.com\/es_pr\/liderazgo\/robar-grimm\/\" class=\"block-leadership__leader\">\n\t\t\t\t\t\t\t\t\t<img decoding=\"async\" src=\"https:\/\/www.wasteprousa.com\/wp-content\/uploads\/2023\/06\/Rob-Grimm.png\" alt=\"\" title=\"\">\n\t\t\t\t\t\t\t\t<div class=\"block-leadership__content\">\n\t\t\t\t\t<h3 class=\"block-leadership__name\">\n\t\t\t\t\t\tRob Grimm\t\t\t\t\t<\/h3>\n\t\t\t\t\t<span class=\"block-leadership__position\">\n\t\t\t\t\t\tDirector de Informaci\u00f3n\t\t\t\t\t<\/span>\n\t\t\t\t<\/div>\n\t\t\t<\/a>\n\t\t\t\t\t\n\t\t\t<a href=\"https:\/\/www.wasteprousa.com\/es_pr\/liderazgo\/molinos-ralph\/\" class=\"block-leadership__leader\">\n\t\t\t\t\t\t\t\t\t<img decoding=\"async\" src=\"https:\/\/www.wasteprousa.com\/wp-content\/uploads\/2023\/06\/ralph-mills.png\" alt=\"\" title=\"\">\n\t\t\t\t\t\t\t\t<div class=\"block-leadership__content\">\n\t\t\t\t\t<h3 class=\"block-leadership__name\">\n\t\t\t\t\t\tMolinos Ralph\t\t\t\t\t<\/h3>\n\t\t\t\t\t<span class=\"block-leadership__position\">\n\t\t\t\t\t\tVicepresidente Senior\t\t\t\t\t<\/span>\n\t\t\t\t<\/div>\n\t\t\t<\/a>\n\t\t\t\t\t\n\t\t\t<a href=\"https:\/\/www.wasteprousa.com\/es_pr\/liderazgo\/robert-hyres\/\" class=\"block-leadership__leader\">\n\t\t\t\t\t\t\t\t\t<img decoding=\"async\" src=\"https:\/\/www.wasteprousa.com\/wp-content\/uploads\/2016\/10\/robert-hyres.png\" alt=\"\" title=\"\">\n\t\t\t\t\t\t\t\t<div class=\"block-leadership__content\">\n\t\t\t\t\t<h3 class=\"block-leadership__name\">\n\t\t\t\t\t\tRoberto Hyres\t\t\t\t\t<\/h3>\n\t\t\t\t\t<span class=\"block-leadership__position\">\n\t\t\t\t\t\tMiembro de la Junta Directiva\t\t\t\t\t<\/span>\n\t\t\t\t<\/div>\n\t\t\t<\/a>\n\t\t\t\t\t\n\t\t\t<a href=\"https:\/\/www.wasteprousa.com\/es_pr\/liderazgo\/tim-doland\/\" class=\"block-leadership__leader\">\n\t\t\t\t\t\t\t\t\t<img decoding=\"async\" src=\"https:\/\/www.wasteprousa.com\/wp-content\/uploads\/2016\/10\/Time-Dolan-Cropped.png\" alt=\"\" title=\"\">\n\t\t\t\t\t\t\t\t<div class=\"block-leadership__content\">\n\t\t\t\t\t<h3 class=\"block-leadership__name\">\n\t\t\t\t\t\tTim Dolan\t\t\t\t\t<\/h3>\n\t\t\t\t\t<span class=\"block-leadership__position\">\n\t\t\t\t\t\tVicepresidente de Asuntos Gubernamentales\t\t\t\t\t<\/span>\n\t\t\t\t<\/div>\n\t\t\t<\/a>\n\t\t\t\t\t\n\t\t\t<a href=\"https:\/\/www.wasteprousa.com\/es_pr\/liderazgo\/shannon-temprano\/\" class=\"block-leadership__leader\">\n\t\t\t\t\t\t\t\t\t<img decoding=\"async\" src=\"https:\/\/www.wasteprousa.com\/wp-content\/uploads\/2016\/10\/shannon-early-1.jpg\" alt=\"\" title=\"\">\n\t\t\t\t\t\t\t\t<div class=\"block-leadership__content\">\n\t\t\t\t\t<h3 class=\"block-leadership__name\">\n\t\t\t\t\t\tShannon Temprano\t\t\t\t\t<\/h3>\n\t\t\t\t\t<span class=\"block-leadership__position\">\n\t\t\t\t\t\tVicepresidente de Recursos Humanos\t\t\t\t\t<\/span>\n\t\t\t\t<\/div>\n\t\t\t<\/a>\n\t\t\t\t\t\n\t\t\t<a href=\"https:\/\/www.wasteprousa.com\/es_pr\/liderazgo\/mike-fernandez\/\" class=\"block-leadership__leader\">\n\t\t\t\t\t\t\t\t\t<img decoding=\"async\" src=\"https:\/\/www.wasteprousa.com\/wp-content\/uploads\/2016\/10\/MikeFernandez.png\" alt=\"\" title=\"\">\n\t\t\t\t\t\t\t\t<div class=\"block-leadership__content\">\n\t\t\t\t\t<h3 class=\"block-leadership__name\">\n\t\t\t\t\t\tMike Fern\u00e1ndez\t\t\t\t\t<\/h3>\n\t\t\t\t\t<span class=\"block-leadership__position\">\n\t\t\t\t\t\tVicepresidente de Cobranzas Postales\t\t\t\t\t<\/span>\n\t\t\t\t<\/div>\n\t\t\t<\/a>\n\t\t\t\t\t\n\t\t\t<a href=\"https:\/\/www.wasteprousa.com\/es_pr\/liderazgo\/david-kutschinski\/\" class=\"block-leadership__leader\">\n\t\t\t\t\t\t\t\t\t<img decoding=\"async\" src=\"https:\/\/www.wasteprousa.com\/wp-content\/uploads\/2019\/11\/david-kutschinski.jpg\" alt=\"\" title=\"\">\n\t\t\t\t\t\t\t\t<div class=\"block-leadership__content\">\n\t\t\t\t\t<h3 class=\"block-leadership__name\">\n\t\t\t\t\t\tDavid Kutschinski\t\t\t\t\t<\/h3>\n\t\t\t\t\t<span class=\"block-leadership__position\">\n\t\t\t\t\t\tVicepresidente de Flota y Mantenimiento\t\t\t\t\t<\/span>\n\t\t\t\t<\/div>\n\t\t\t<\/a>\n\t\t\t\t\t\n\t\t\t<a href=\"https:\/\/www.wasteprousa.com\/es_pr\/liderazgo\/ryan-lebeau\/\" class=\"block-leadership__leader\">\n\t\t\t\t\t\t\t\t\t<img decoding=\"async\" src=\"https:\/\/www.wasteprousa.com\/wp-content\/uploads\/2018\/03\/Lebeau-headshot-20182.jpg\" alt=\"\" title=\"\">\n\t\t\t\t\t\t\t\t<div class=\"block-leadership__content\">\n\t\t\t\t\t<h3 class=\"block-leadership__name\">\n\t\t\t\t\t\tRyan LeBeau\t\t\t\t\t<\/h3>\n\t\t\t\t\t<span class=\"block-leadership__position\">\n\t\t\t\t\t\tVicepresidente de Finanzas\t\t\t\t\t<\/span>\n\t\t\t\t<\/div>\n\t\t\t<\/a>\n\t\t\t\t\t\n\t\t\t<a href=\"https:\/\/www.wasteprousa.com\/es_pr\/liderazgo\/romeo-vellutini\/\" class=\"block-leadership__leader\">\n\t\t\t\t\t\t\t\t\t<img decoding=\"async\" src=\"https:\/\/www.wasteprousa.com\/wp-content\/uploads\/2018\/03\/romeo.jpg\" alt=\"\" title=\"\">\n\t\t\t\t\t\t\t\t<div class=\"block-leadership__content\">\n\t\t\t\t\t<h3 class=\"block-leadership__name\">\n\t\t\t\t\t\tRomeo Vellutini\t\t\t\t\t<\/h3>\n\t\t\t\t\t<span class=\"block-leadership__position\">\n\t\t\t\t\t\tVicepresidente de Seguridad y Gesti\u00f3n de Riesgos\t\t\t\t\t<\/span>\n\t\t\t\t<\/div>\n\t\t\t<\/a>\n\t\t\t\t\t\n\t\t\t<a href=\"https:\/\/www.wasteprousa.com\/es_pr\/liderazgo\/tracy-meehan\/\" class=\"block-leadership__leader\">\n\t\t\t\t\t\t\t\t\t<img decoding=\"async\" src=\"https:\/\/www.wasteprousa.com\/wp-content\/uploads\/2016\/10\/tracy_meehan.jpg\" alt=\"\" title=\"\">\n\t\t\t\t\t\t\t\t<div class=\"block-leadership__content\">\n\t\t\t\t\t<h3 class=\"block-leadership__name\">\n\t\t\t\t\t\tTracy Meehan\t\t\t\t\t<\/h3>\n\t\t\t\t\t<span class=\"block-leadership__position\">\n\t\t\t\t\t\tDirector de Comunicaciones\t\t\t\t\t<\/span>\n\t\t\t\t<\/div>\n\t\t\t<\/a>\n\t\t\t\t\t\n\t\t\t<a href=\"https:\/\/www.wasteprousa.com\/es_pr\/liderazgo\/mi-lim-chun\/\" class=\"block-leadership__leader\">\n\t\t\t\t\t\t\t\t\t<img decoding=\"async\" src=\"https:\/\/www.wasteprousa.com\/wp-content\/uploads\/2025\/09\/Mi-Lim-Headshot-scaled.jpg\" alt=\"\" title=\"\">\n\t\t\t\t\t\t\t\t<div class=\"block-leadership__content\">\n\t\t\t\t\t<h3 class=\"block-leadership__name\">\n\t\t\t\t\t\tMi-Lim Chun\t\t\t\t\t<\/h3>\n\t\t\t\t\t<span class=\"block-leadership__position\">\n\t\t\t\t\t\tRegional Vice President, Coastal Region\t\t\t\t\t<\/span>\n\t\t\t\t<\/div>\n\t\t\t<\/a>\n\t\t\t\t\t\n\t\t\t<a href=\"https:\/\/www.wasteprousa.com\/es_pr\/liderazgo\/chips-de-jengibre\/\" class=\"block-leadership__leader\">\n\t\t\t\t\t\t\t\t\t<img decoding=\"async\" src=\"https:\/\/www.wasteprousa.com\/wp-content\/uploads\/2016\/10\/Chip-Gingles.png\" alt=\"\" title=\"\">\n\t\t\t\t\t\t\t\t<div class=\"block-leadership__content\">\n\t\t\t\t\t<h3 class=\"block-leadership__name\">\n\t\t\t\t\t\tChips de jengibre\t\t\t\t\t<\/h3>\n\t\t\t\t\t<span class=\"block-leadership__position\">\n\t\t\t\t\t\tVicepresidente regional de Carolina del Norte\t\t\t\t\t<\/span>\n\t\t\t\t<\/div>\n\t\t\t<\/a>\n\t\t\t\t\t\n\t\t\t<a href=\"https:\/\/www.wasteprousa.com\/es_pr\/liderazgo\/chris-lockwood-nacido-el-10-de-junio-de-1961-es-un-actor-y-actor-estadounidense\/\" class=\"block-leadership__leader\">\n\t\t\t\t\t\t\t\t\t<img decoding=\"async\" src=\"https:\/\/www.wasteprousa.com\/wp-content\/uploads\/2016\/10\/Chris-Lockwood-2018-cropped-003.jpg\" alt=\"\" title=\"\">\n\t\t\t\t\t\t\t\t<div class=\"block-leadership__content\">\n\t\t\t\t\t<h3 class=\"block-leadership__name\">\n\t\t\t\t\t\tChris Lockwood\t\t\t\t\t<\/h3>\n\t\t\t\t\t<span class=\"block-leadership__position\">\n\t\t\t\t\t\tVicepresidente regional del sur de Mississippi\t\t\t\t\t<\/span>\n\t\t\t\t<\/div>\n\t\t\t<\/a>\n\t\t\t\t\t\n\t\t\t<a href=\"https:\/\/www.wasteprousa.com\/es_pr\/liderazgo\/jesse-murphy\/\" class=\"block-leadership__leader\">\n\t\t\t\t\t\t\t\t\t<img decoding=\"async\" src=\"https:\/\/www.wasteprousa.com\/wp-content\/uploads\/2016\/10\/jesse-murphy.jpg\" alt=\"\" title=\"\">\n\t\t\t\t\t\t\t\t<div class=\"block-leadership__content\">\n\t\t\t\t\t<h3 class=\"block-leadership__name\">\n\t\t\t\t\t\tJesse Murphy\t\t\t\t\t<\/h3>\n\t\t\t\t\t<span class=\"block-leadership__position\">\n\t\t\t\t\t\tVicepresidente regional de Luisiana\t\t\t\t\t<\/span>\n\t\t\t\t<\/div>\n\t\t\t<\/a>\n\t\t\t\t\t\n\t\t\t<a href=\"https:\/\/www.wasteprousa.com\/es_pr\/liderazgo\/erik-sankey\/\" class=\"block-leadership__leader\">\n\t\t\t\t\t\t\t\t\t<img decoding=\"async\" src=\"https:\/\/www.wasteprousa.com\/wp-content\/uploads\/2020\/10\/Sankey-Headshot2_318x380.jpg\" alt=\"\" title=\"\">\n\t\t\t\t\t\t\t\t<div class=\"block-leadership__content\">\n\t\t\t\t\t<h3 class=\"block-leadership__name\">\n\t\t\t\t\t\tErik Sankey\t\t\t\t\t<\/h3>\n\t\t\t\t\t<span class=\"block-leadership__position\">\n\t\t\t\t\t\tVicepresidente regional de Florida Central\t\t\t\t\t<\/span>\n\t\t\t\t<\/div>\n\t\t\t<\/a>\n\t\t\t\t\t\n\t\t\t<a href=\"https:\/\/www.wasteprousa.com\/es_pr\/liderazgo\/kenny-skaggs\/\" class=\"block-leadership__leader\">\n\t\t\t\t\t\t\t\t\t<img decoding=\"async\" src=\"https:\/\/www.wasteprousa.com\/wp-content\/uploads\/2016\/10\/Mug-Shot-3.jpg\" alt=\"\" title=\"\">\n\t\t\t\t\t\t\t\t<div class=\"block-leadership__content\">\n\t\t\t\t\t<h3 class=\"block-leadership__name\">\n\t\t\t\t\t\tKenny Skaggs\t\t\t\t\t<\/h3>\n\t\t\t\t\t<span class=\"block-leadership__position\">\n\t\t\t\t\t\tVicepresidente regional del sureste de Florida\t\t\t\t\t<\/span>\n\t\t\t\t<\/div>\n\t\t\t<\/a>\n\t\t\t\t\t\n\t\t\t<a href=\"https:\/\/www.wasteprousa.com\/es_pr\/liderazgo\/rick-chancey\/\" class=\"block-leadership__leader\">\n\t\t\t\t\t\t\t\t\t<img decoding=\"async\" src=\"https:\/\/www.wasteprousa.com\/wp-content\/uploads\/2016\/10\/Rick-Chancey.png\" alt=\"\" title=\"\">\n\t\t\t\t\t\t\t\t<div class=\"block-leadership__content\">\n\t\t\t\t\t<h3 class=\"block-leadership__name\">\n\t\t\t\t\t\tRick Chancey\t\t\t\t\t<\/h3>\n\t\t\t\t\t<span class=\"block-leadership__position\">\n\t\t\t\t\t\tVicepresidente de divisi\u00f3n, Costa de Florida\t\t\t\t\t<\/span>\n\t\t\t\t<\/div>\n\t\t\t<\/a>\n\t\t\t\t\t\n\t\t\t<a href=\"https:\/\/www.wasteprousa.com\/es_pr\/liderazgo\/jerry-harrison\/\" class=\"block-leadership__leader\">\n\t\t\t\t\t\t\t\t\t<img decoding=\"async\" src=\"https:\/\/www.wasteprousa.com\/wp-content\/uploads\/2019\/11\/jerry-harrison.jpg\" alt=\"\" title=\"\">\n\t\t\t\t\t\t\t\t<div class=\"block-leadership__content\">\n\t\t\t\t\t<h3 class=\"block-leadership__name\">\n\t\t\t\t\t\tJerry Harrison\t\t\t\t\t<\/h3>\n\t\t\t\t\t<span class=\"block-leadership__position\">\n\t\t\t\t\t\tVicepresidente de divisi\u00f3n, Georgia\t\t\t\t\t<\/span>\n\t\t\t\t<\/div>\n\t\t\t<\/a>\n\t\t\t\t\t\n\t\t\t<a href=\"https:\/\/www.wasteprousa.com\/es_pr\/liderazgo\/jennifer-herring-vicepresidenta-de-division-de-georgia\/\" class=\"block-leadership__leader\">\n\t\t\t\t\t\t\t\t\t<img decoding=\"async\" src=\"https:\/\/www.wasteprousa.com\/wp-content\/uploads\/2025\/01\/Jenn-Herring-headsot-edited.jpg\" alt=\"\" title=\"\">\n\t\t\t\t\t\t\t\t<div class=\"block-leadership__content\">\n\t\t\t\t\t<h3 class=\"block-leadership__name\">\n\t\t\t\t\t\tJennifer arenque\t\t\t\t\t<\/h3>\n\t\t\t\t\t<span class=\"block-leadership__position\">\n\t\t\t\t\t\tVicepresidente de divisi\u00f3n, Georgia y Carolina del Sur\t\t\t\t\t<\/span>\n\t\t\t\t<\/div>\n\t\t\t<\/a>\n\t\t\t\t\t\n\t\t\t<a href=\"https:\/\/www.wasteprousa.com\/es_pr\/liderazgo\/bill-jones\/\" class=\"block-leadership__leader\">\n\t\t\t\t\t\t\t\t\t<img decoding=\"async\" src=\"https:\/\/www.wasteprousa.com\/wp-content\/uploads\/2016\/10\/Bill-Jones.png\" alt=\"\" title=\"\">\n\t\t\t\t\t\t\t\t<div class=\"block-leadership__content\">\n\t\t\t\t\t<h3 class=\"block-leadership__name\">\n\t\t\t\t\t\tBill Jones\t\t\t\t\t<\/h3>\n\t\t\t\t\t<span class=\"block-leadership__position\">\n\t\t\t\t\t\tVicepresidente de divisi\u00f3n, condados de Lee y Collier, Florida\t\t\t\t\t<\/span>\n\t\t\t\t<\/div>\n\t\t\t<\/a>\n\t\t\t\t\t\n\t\t\t<a href=\"https:\/\/www.wasteprousa.com\/es_pr\/liderazgo\/jon-snyder\/\" class=\"block-leadership__leader\">\n\t\t\t\t\t\t\t\t\t<img decoding=\"async\" src=\"https:\/\/www.wasteprousa.com\/wp-content\/uploads\/2016\/10\/Jon-Snyder.png\" alt=\"\" title=\"\">\n\t\t\t\t\t\t\t\t<div class=\"block-leadership__content\">\n\t\t\t\t\t<h3 class=\"block-leadership__name\">\n\t\t\t\t\t\tJon Snyder\t\t\t\t\t<\/h3>\n\t\t\t\t\t<span class=\"block-leadership__position\">\n\t\t\t\t\t\tVicepresidente de divisi\u00f3n, regi\u00f3n de los tres estados, TN, MS, AR\t\t\t\t\t<\/span>\n\t\t\t\t<\/div>\n\t\t\t<\/a>\n\t\t\t\t\t\n\t\t\t<a href=\"https:\/\/www.wasteprousa.com\/es_pr\/liderazgo\/calle-rodney\/\" class=\"block-leadership__leader\">\n\t\t\t\t\t\t\t\t\t<img decoding=\"async\" src=\"https:\/\/www.wasteprousa.com\/wp-content\/uploads\/2019\/09\/Rodney-Street.jpg\" alt=\"\" title=\"\">\n\t\t\t\t\t\t\t\t<div class=\"block-leadership__content\">\n\t\t\t\t\t<h3 class=\"block-leadership__name\">\n\t\t\t\t\t\tCalle Rodney\t\t\t\t\t<\/h3>\n\t\t\t\t\t<span class=\"block-leadership__position\">\n\t\t\t\t\t\tVicepresidente de divisi\u00f3n, Mississippi central\t\t\t\t\t<\/span>\n\t\t\t\t<\/div>\n\t\t\t<\/a>\n\t\t\t\t\t\n\t\t\t<a href=\"https:\/\/www.wasteprousa.com\/es_pr\/liderazgo\/bob-ten-haaf\/\" class=\"block-leadership__leader\">\n\t\t\t\t\t\t\t\t\t<img decoding=\"async\" src=\"https:\/\/www.wasteprousa.com\/wp-content\/uploads\/2021\/10\/BtenHaaf-Exec-Pic-2012-edited.jpg\" alt=\"\" title=\"\">\n\t\t\t\t\t\t\t\t<div class=\"block-leadership__content\">\n\t\t\t\t\t<h3 class=\"block-leadership__name\">\n\t\t\t\t\t\tBob diez haaf\t\t\t\t\t<\/h3>\n\t\t\t\t\t<span class=\"block-leadership__position\">\n\t\t\t\t\t\tVicepresidente de divisi\u00f3n, suroeste de Florida\t\t\t\t\t<\/span>\n\t\t\t\t<\/div>\n\t\t\t<\/a>\n\t\t\n\t<\/div>\n\n<\/div>","protected":false},"excerpt":{"rendered":"<p>El conocimiento, la experiencia y el compromiso de nuestros l\u00edderes hacen de Waste Pro una de las empresas de gesti\u00f3n de residuos de m\u00e1s r\u00e1pido crecimiento en los Estados Unidos.<\/p>","protected":false},"author":23,"featured_media":7284,"parent":0,"menu_order":0,"comment_status":"closed","ping_status":"closed","template":"","meta":{"_acf_changed":false,"advgb_blocks_editor_width":"","advgb_blocks_columns_visual_guide":"","footnotes":""},"class_list":["post-10941","page","type-page","status-publish","has-post-thumbnail","hentry"],"acf":{"hide_global_cta_bar":false,"hide_social_header_bar":false,"top_bar_text":"","top_bar_button":null,"header_cta_title":"","header_cta_buttons":null},"coauthors":[],"author_meta":{"author_link":"https:\/\/www.wasteprousa.com\/es_pr\/author\/evan\/","display_name":"Waste Pro"},"relative_dates":{"created":"Posted 2 a\u00f1os ago","modified":"Updated 2 a\u00f1os ago"},"absolute_dates":{"created":"Posted on diciembre 22, 2023","modified":"Updated on diciembre 22, 2023"},"absolute_dates_time":{"created":"Posted on diciembre 22, 2023 6:51 pm","modified":"Updated on diciembre 22, 2023 6:52 pm"},"featured_img_caption":"","featured_img":"https:\/\/www.wasteprousa.com\/wp-content\/uploads\/2016\/10\/WP_Leadership_HeroImage_1268x478.jpg","series_order":"","publishpress_future_workflow_manual_trigger":{"enabledWorkflows":[]},"_links":{"self":[{"href":"https:\/\/www.wasteprousa.com\/es_pr\/wp-json\/wp\/v2\/pages\/10941","targetHints":{"allow":["GET"]}}],"collection":[{"href":"https:\/\/www.wasteprousa.com\/es_pr\/wp-json\/wp\/v2\/pages"}],"about":[{"href":"https:\/\/www.wasteprousa.com\/es_pr\/wp-json\/wp\/v2\/types\/page"}],"author":[{"embeddable":true,"href":"https:\/\/www.wasteprousa.com\/es_pr\/wp-json\/wp\/v2\/users\/23"}],"replies":[{"embeddable":true,"href":"https:\/\/www.wasteprousa.com\/es_pr\/wp-json\/wp\/v2\/comments?post=10941"}],"version-history":[{"count":0,"href":"https:\/\/www.wasteprousa.com\/es_pr\/wp-json\/wp\/v2\/pages\/10941\/revisions"}],"wp:featuredmedia":[{"embeddable":true,"href":"https:\/\/www.wasteprousa.com\/es_pr\/wp-json\/wp\/v2\/media\/7284"}],"wp:attachment":[{"href":"https:\/\/www.wasteprousa.com\/es_pr\/wp-json\/wp\/v2\/media?parent=10941"}],"curies":[{"name":"wp","href":"https:\/\/api.w.org\/{rel}","templated":true}]}}