{"id":9731,"date":"2023-05-23T17:28:32","date_gmt":"2023-05-23T17:28:32","guid":{"rendered":"https:\/\/wasteprousa.wpenginepowered.com\/?page_id=9731"},"modified":"2023-05-26T20:31:39","modified_gmt":"2023-05-26T20:31:39","slug":"gracias-costa-de-palma","status":"publish","type":"page","link":"https:\/\/www.wasteprousa.com\/es_co\/gracias-costa-de-palma\/","title":{"rendered":"Contenedores Waste Pro: la verdad"},"content":{"rendered":"<p style=\"text-align: left;\"><strong>A nuestros valiosos residentes, clientes y amigos de Palm Coast:<\/strong><\/p>\n<p style=\"text-align: left;\">Despu\u00e9s de 17 a\u00f1os de servirles con orgullo a ustedes, los residentes de Palm Coast, la ciudad eligi\u00f3 comenzar los servicios de recolecci\u00f3n con una nueva empresa a partir de hoy.\u00a0<u>1 de junio de 2023<\/u>Estamos orgullosos del servicio que brindamos durante casi dos d\u00e9cadas. De hecho, nuestra divisi\u00f3n local mantiene una calificaci\u00f3n de 4,8 estrellas en Google, que es m\u00e1s alta que la de cualquier proveedor en el \u00e1rea metropolitana circundante. Esto es un testimonio de nuestros equipos locales con base en Palm Coast y su dedicaci\u00f3n al servicio y la seguridad.<\/p>\n<p style=\"text-align: left;\">Para nosotros es importante que ustedes, nuestros valiosos clientes, conozcan los hechos. Durante las \u00faltimas semanas y hasta nuestros \u00faltimos d\u00edas de servicio, Waste Pro comunic\u00f3 detalladamente un plan de transici\u00f3n que inclu\u00eda un plan de recolecci\u00f3n para recoger los contenedores de reciclaje de marca Waste Pro. Los contenedores propiedad de Waste Pro se les proporcionaron al inicio del contrato y durante los a\u00f1os de servicio para que los usaran para las recolecciones mientras la ciudad estuviera bajo contrato con Waste Pro. Una vez que se recolecten estos activos, se reutilizar\u00e1n para su uso en toda nuestra \u00e1rea de influencia de 10 estados.<\/p>\n<p style=\"text-align: left;\">Adem\u00e1s, para facilitar una transici\u00f3n sin problemas y garantizar que ustedes, nuestros valiosos clientes, no se quedaran sin un contenedor, Waste Pro extendi\u00f3 ofertas para vender los contenedores de reciclaje a un precio reducido. Es desconcertante que la ciudad no haya tomado ninguna medida para obtener nuevos contenedores de reciclaje. Se llevaron a cabo numerosas discusiones y reuniones de transici\u00f3n con el personal de la ciudad y la gerencia de Waste Pro. El tema de los contenedores de marca Waste Pro se debati\u00f3 en profundidad. La ciudad entendi\u00f3 que los equipos de Waste Pro recoger\u00edan los contenedores de marca Waste Pro durante la \u00faltima semana de recolecci\u00f3n como parte de la transici\u00f3n\/salida de la ciudad. Es incre\u00edble pensar que el equipo comprado por Waste Pro, como contenedores, carritos y camiones, se considerar\u00eda o se pensar\u00eda que es propiedad de la ciudad.<\/p>\n<p style=\"text-align: left;\">Gracias por confiar en Waste Pro durante 17 a\u00f1os como su socio en materia de residuos s\u00f3lidos. Le deseamos lo mejor a usted y a la ciudad en este nuevo acuerdo con otro proveedor. Nuestros equipos de recolecci\u00f3n esperan seguir prestando servicios en las \u00e1reas no incorporadas del condado de Flagler y en las empresas de Palm Coast.<\/p>\n<p>&nbsp;<\/p>\n<p class=\"p1\" style=\"text-align: center;\">\n<div style=\"width: 1400px;\" class=\"wp-video\"><video class=\"wp-video-shortcode\" id=\"video-9731-1\" width=\"1400\" height=\"788\" poster=\"https:\/\/www.wasteprousa.com\/wp-content\/uploads\/2023\/05\/ThankYouPalmCoast_grab-scaled.jpg\" autoplay preload=\"auto\" controls=\"controls\"><source type=\"video\/mp4\" src=\"https:\/\/www.wasteprousa.com\/wp-content\/uploads\/2023\/05\/WP_PalmCoast_ThankYou_2.mp4?_=1\" \/><a href=\"https:\/\/www.wasteprousa.com\/wp-content\/uploads\/2023\/05\/WP_PalmCoast_ThankYou_2.mp4\">https:\/\/www.wasteprousa.com\/wp-content\/uploads\/2023\/05\/WP_PalmCoast_ThankYou_2.mp4<\/a><\/video><\/div>\n<h2><\/h2>\n<h2 style=\"text-align: center;\"><strong>No es un adi\u00f3s\u2026 Nos vemos por ah\u00ed<\/strong><\/h2>\n<p class=\"p1\" style=\"text-align: center;\">Nos ver\u00e1 por todos lados mientras continuamos brindando servicios a las empresas de Palm Coast y a las personas del condado de Flagler que viven fuera de los l\u00edmites de la ciudad. Por eso, cuando vea nuestros camiones circulando por la calle, \u00a1no olvide saludarnos!<\/p>\n<p class=\"p1\"><strong>Tenga paciencia mientras la ciudad trabaja para reemplazar los contenedores de Waste Pro.<\/strong><br \/>\nPara obtener m\u00e1s informaci\u00f3n sobre el reemplazo de los contenedores de Waste Pro, la ciudad solicita a los residentes que visiten <a href=\"https:\/\/www.palmcoast.gov\/Connect\" rel=\"nofollow noopener\" target=\"_blank\">https:\/\/www.palmcoast.gov\/Connect<\/a>.<\/p>","protected":false},"excerpt":{"rendered":"<p>A nuestros valiosos residentes de Palm Coast, clientes y amigos, Despu\u00e9s de 17 a\u00f1os de servir con orgullo a ustedes, los residentes de Palm Coast, la ciudad eligi\u00f3 comenzar los servicios de recolecci\u00f3n con una nueva compa\u00f1\u00eda a partir del 1 de junio de 2023. Estamos orgullosos del servicio que hemos prestado durante casi dos d\u00e9cadas. De hecho, nuestra divisi\u00f3n local mantiene un...<\/p>","protected":false},"author":14,"featured_media":0,"parent":0,"menu_order":0,"comment_status":"closed","ping_status":"closed","template":"","meta":{"_acf_changed":false,"advgb_blocks_editor_width":"","advgb_blocks_columns_visual_guide":"","footnotes":""},"class_list":["post-9731","page","type-page","status-publish","hentry"],"acf":{"hide_global_cta_bar":false,"hide_social_header_bar":false,"top_bar_text":"","top_bar_button":null,"header_cta_title":"","header_cta_buttons":null},"coauthors":[],"author_meta":{"author_link":"https:\/\/www.wasteprousa.com\/es_co\/author\/sfazal\/","display_name":"Sophie Fazal"},"relative_dates":{"created":"Posted 3 a\u00f1os ago","modified":"Updated 3 a\u00f1os ago"},"absolute_dates":{"created":"Posted on mayo 23, 2023","modified":"Updated on mayo 26, 2023"},"absolute_dates_time":{"created":"Posted on mayo 23, 2023 5:28 pm","modified":"Updated on mayo 26, 2023 8:31 pm"},"featured_img_caption":"","featured_img":false,"series_order":"","publishpress_future_workflow_manual_trigger":{"enabledWorkflows":[]},"_links":{"self":[{"href":"https:\/\/www.wasteprousa.com\/es_co\/wp-json\/wp\/v2\/pages\/9731","targetHints":{"allow":["GET"]}}],"collection":[{"href":"https:\/\/www.wasteprousa.com\/es_co\/wp-json\/wp\/v2\/pages"}],"about":[{"href":"https:\/\/www.wasteprousa.com\/es_co\/wp-json\/wp\/v2\/types\/page"}],"author":[{"embeddable":true,"href":"https:\/\/www.wasteprousa.com\/es_co\/wp-json\/wp\/v2\/users\/14"}],"replies":[{"embeddable":true,"href":"https:\/\/www.wasteprousa.com\/es_co\/wp-json\/wp\/v2\/comments?post=9731"}],"version-history":[{"count":0,"href":"https:\/\/www.wasteprousa.com\/es_co\/wp-json\/wp\/v2\/pages\/9731\/revisions"}],"wp:attachment":[{"href":"https:\/\/www.wasteprousa.com\/es_co\/wp-json\/wp\/v2\/media?parent=9731"}],"curies":[{"name":"wp","href":"https:\/\/api.w.org\/{rel}","templated":true}]}}