{"id":60,"date":"2016-10-06T19:07:20","date_gmt":"2016-10-06T19:07:20","guid":{"rendered":"http:\/\/wastepro2.wpro.dev\/?page_id=60"},"modified":"2024-02-14T14:09:10","modified_gmt":"2024-02-14T14:09:10","slug":"carreras","status":"publish","type":"page","link":"https:\/\/www.wasteprousa.com\/es_co\/carreras\/","title":{"rendered":"Trabajar en Waste Pro"},"content":{"rendered":"<div  class=\"container contain contain--normal\" style=\"padding-bottom:3.5rem;\">\n\n\t<div class=\"contain__inner\" style=\"\">\n\n\t\t<div class=\"acf-innerblocks-container\">\n\n<p class=\"has-text-align-center has-medium-font-size\">Como el principal servicio de eliminaci\u00f3n de residuos del sur de los Estados Unidos, Waste Pro tiene una cultura laboral \u00fanica que gu\u00eda la forma en que apoyamos a los empleados, interactuamos con nuestros clientes, brindamos servicio a nuestras comunidades y cuidamos el medio ambiente. Entendemos que la verdadera fortaleza detr\u00e1s de nuestra empresa son las personas que la conforman. Es por eso que invertimos continuamente en el desarrollo sustentable de nuestra organizaci\u00f3n y empleados. Nuestro objetivo es atraer y mantener una fuerza laboral altamente competente y competitivamente remunerada al ofrecer uno de los paquetes de beneficios m\u00e1s completos de la industria, bonificaciones anuales e incentivos de desempe\u00f1o. Experimente la &quot;diferencia distintiva&quot; del empleo en Waste Pro al postularse hoy.<\/p>\n\n\n\n<div class=\"wp-block-buttons is-content-justification-center is-layout-flex wp-block-buttons-is-layout-flex\">\n<div class=\"wp-block-button\"><a class=\"wp-block-button__link wp-element-button\" href=\"https:\/\/recruiting.adp.com\/srccar\/public\/RTI.home?c=1080941&amp;d=External-WastePro\" target=\"_blank\" rel=\"noreferrer noopener nofollow\">Ver ofertas de trabajo<\/a><\/div>\n<\/div>\n\n\n\n<div style=\"height:4rem\" aria-hidden=\"true\" class=\"wp-block-spacer\"><\/div>\n\n\n\n<h2 class=\"wp-block-heading has-text-align-center\">Beneficios de trabajar con Waste Pro<\/h2>\n\n\n\n<p class=\"has-text-align-center has-medium-font-size\">Adem\u00e1s de los salarios devengados, el paquete de compensaci\u00f3n total incluye un paquete de beneficios dise\u00f1ado para ayudar a los miembros de nuestro equipo a cuidar de sus familias y prepararse para la jubilaci\u00f3n. Los miembros de nuestro equipo reciben los siguientes beneficios.<\/p>\n\n\n\n<div class=\"wp-block-columns is-layout-flex wp-block-columns-is-layout-flex\">\n<div class=\"wp-block-column is-layout-flow wp-block-column-is-layout-flow\">\n<figure class=\"wp-block-image aligncenter size-full is-resized\"><img loading=\"lazy\" decoding=\"async\" width=\"54\" height=\"51\" src=\"https:\/\/www.wasteprousa.com\/wp-content\/uploads\/2016\/10\/heart.png\" alt=\"\" class=\"wp-image-255\" style=\"width:auto;height:70px\" title=\"\"><\/figure>\n\n\n\n<h3 class=\"wp-block-heading has-text-align-center has-green-color has-text-color has-link-color wp-elements-c9beb6dee8295a744375a2f09b903577\">Beneficios para la salud y el bienestar<\/h3>\n\n\n\n<p class=\"has-text-align-center\">Los beneficios incluyen atenci\u00f3n m\u00e9dica, dental, de la vista, atenci\u00f3n preventiva, una l\u00ednea de enfermer\u00eda con acceso las 24 horas, un programa de reembolso de gastos m\u00e9dicos, programas de asistencia a los empleados, seguro por discapacidad a corto y largo plazo, seguro contra accidentes\/enfermedades y m\u00e1s.<\/p>\n<\/div>\n\n\n\n<div class=\"wp-block-column is-layout-flow wp-block-column-is-layout-flow\">\n<figure class=\"wp-block-image aligncenter size-full is-resized\"><img loading=\"lazy\" decoding=\"async\" width=\"48\" height=\"73\" src=\"https:\/\/www.wasteprousa.com\/wp-content\/uploads\/2016\/10\/incentive.png\" alt=\"\" class=\"wp-image-256\" style=\"width:auto;height:70px\" title=\"\"><\/figure>\n\n\n\n<h3 class=\"wp-block-heading has-text-align-center has-green-color has-text-color has-link-color wp-elements-abf3f70aca4685abbfe4801a9410d714\">PROGRAMA DE BONIFICACIONES E INCENTIVOS<\/h3>\n\n\n\n<p class=\"has-text-align-center\">Waste Pro ofrece un premio para conductores $10k y un premio para ayudantes $5k dise\u00f1ados para conductores y ayudantes que cumplen con criterios espec\u00edficos durante un per\u00edodo de 3 a\u00f1os. <\/p>\n\n\n\n<p class=\"has-text-align-center\">Los empleados tienen el potencial de recibir un regalo de fin de a\u00f1o que es un reconocimiento discrecional de agradecimiento basado en el \u00e9xito general de la empresa, la contribuci\u00f3n del empleado a ese \u00e9xito durante el a\u00f1o y la duraci\u00f3n del empleo en la empresa. <br><\/p>\n<\/div>\n<\/div>\n\n\n\n<div class=\"wp-block-columns is-layout-flex wp-block-columns-is-layout-flex\">\n<div class=\"wp-block-column is-layout-flow wp-block-column-is-layout-flow\">\n<figure class=\"wp-block-image aligncenter size-full is-resized\"><img loading=\"lazy\" decoding=\"async\" width=\"75\" height=\"75\" src=\"https:\/\/www.wasteprousa.com\/wp-content\/uploads\/2016\/10\/beach.png\" alt=\"\" class=\"wp-image-257\" style=\"width:auto;height:70px\" title=\"\"><\/figure>\n\n\n\n<h3 class=\"wp-block-heading has-text-align-center has-green-color has-text-color has-link-color wp-elements-90e108922f9a434f79b51f211a5a9a93\">TIEMPO LIBRE<\/h3>\n\n\n\n<p class=\"has-text-align-center\">En Waste Pro, disfruta de vacaciones pagadas y tiempo libre pago para pasar con tus amigos y familiares.<\/p>\n<\/div>\n\n\n\n<div class=\"wp-block-column is-layout-flow wp-block-column-is-layout-flow\">\n<figure class=\"wp-block-image aligncenter size-full is-resized\"><img loading=\"lazy\" decoding=\"async\" width=\"69\" height=\"65\" src=\"https:\/\/www.wasteprousa.com\/wp-content\/uploads\/2016\/10\/piggy-bank.png\" alt=\"\" class=\"wp-image-258\" style=\"width:auto;height:70px\" title=\"\"><\/figure>\n\n\n\n<h3 class=\"wp-block-heading has-text-align-center has-green-color has-text-color has-link-color wp-elements-caae537430c3d566b68b0b08fb320a5b\">APOYANDO SU CAMINO HACIA LA JUBILACI\u00d3N<\/h3>\n\n\n\n<p class=\"has-text-align-center\">Existen planes de ahorro 401k disponibles para ayudarle a emprender un camino exitoso hacia la jubilaci\u00f3n.<\/p>\n<\/div>\n<\/div>\n\n<\/div>\n\n\t<\/div>\n\n<\/div>\n\n\n\n<iframe loading=\"lazy\" src=\"https:\/\/www.careerarc.com\/job-map\/waste-pro\/campaign\/35304\" allow=\"geolocation\" frameborder=\"0\" width=\"100%\" height=\"800px\" style=\"width: 100%;height: 800px;border:0;\"><\/iframe>\n\n\n\n<div  class=\"container contain contain--normal has-white-background-color\" style=\"padding-top:4rem;padding-bottom:5rem;\">\n\n\t<div class=\"contain__inner\" style=\"\">\n\n\t\t<div class=\"acf-innerblocks-container\">\n\n<h2 class=\"wp-block-heading has-text-align-center\">Trayectoria profesional y desarrollo<\/h2>\n\n\n\n<p class=\"has-text-align-center has-medium-font-size\">En Waste Pro creemos que las personas marcan la diferencia. Nos comprometemos a ayudar a nuestros mejores empleados a ser a\u00fan mejores, ofreciendo cursos de capacitaci\u00f3n, programas de liderazgo y oportunidades de ascenso. Encuentre su punto de partida sabiendo que en Waste Pro el potencial para crecer al siguiente nivel es ilimitado.<\/p>\n\n<\/div>\n\n\t<\/div>\n\n<\/div>\n\n\n\n<div  class=\"container wp-elements-091bdb5173d37d03e6bfb19bc6c770b0 contain contain--normal contain--vpad has-white-color has-green-background-color\" style=\"\">\n\n\t<div class=\"contain__inner\" style=\"\">\n\n\t\t<div class=\"acf-innerblocks-container\">\n\n<div  class=\"container contain contain--normal\" style=\"padding-bottom:2rem;margin-top:-6rem;\">\n\n\t<div class=\"contain__inner\" style=\"\">\n\n\t\t<div class=\"acf-innerblocks-container\">\n\n<figure class=\"wp-block-image aligncenter size-full\"><img loading=\"lazy\" decoding=\"async\" width=\"314\" height=\"158\" src=\"https:\/\/www.wasteprousa.com\/wp-content\/uploads\/2016\/10\/waste-pro-hires.png\" alt=\"\" class=\"wp-image-253\" title=\"\" srcset=\"https:\/\/www.wasteprousa.com\/wp-content\/uploads\/2016\/10\/waste-pro-hires.png 314w, https:\/\/www.wasteprousa.com\/wp-content\/uploads\/2016\/10\/waste-pro-hires-300x151.png 300w\" sizes=\"auto, (max-width: 314px) 100vw, 314px\" \/><\/figure>\n\n<\/div>\n\n\t<\/div>\n\n<\/div>\n\n\n\n<h2 class=\"wp-block-heading has-text-align-center has-white-color has-text-color has-link-color wp-elements-3ef84599c40cf27c5202c6b5e2bcd07f\">Empleador con igualdad de oportunidades<\/h2>\n\n\n\n<p class=\"has-text-align-center has-medium-font-size\">Waste Pro apoya una fuerza laboral diversa y es un lugar de trabajo libre de drogas y un empleador con igualdad de oportunidades. Waste Pro no discrimina a las personas por motivos de raza, credo, color, g\u00e9nero, religi\u00f3n, origen, edad, discapacidad, condici\u00f3n de veterano, embarazo, estado civil, estado de ciudadan\u00eda, orientaci\u00f3n sexual, identidad de g\u00e9nero, informaci\u00f3n gen\u00e9tica o cualquier otra clasificaci\u00f3n protegida por las leyes aplicables.<\/p>\n\n<\/div>\n\n\t<\/div>\n\n<\/div>\n\n\n\n<div  class=\"container contain contain--normal contain--vpad has-white-background-color\" style=\"\">\n\n\t<div class=\"contain__inner\" style=\"\">\n\n\t\t<div class=\"acf-innerblocks-container\">\n\n<h2 class=\"wp-block-heading has-text-align-center\">TRANSPARENCIA EN LA COBERTURA \u2013 ARCHIVOS LEGIBLES POR M\u00c1QUINA<\/h2>\n\n\n\n<div class=\"wp-block-buttons is-content-justification-center is-layout-flex wp-block-buttons-is-layout-flex\">\n<div class=\"wp-block-button\"><a class=\"wp-block-button__link wp-element-button\" href=\"https:\/\/member.myhealthtoolkitfl.com\/web\/public\/brands\/universal\/transparency-in-coverage\/?branding=fl\" target=\"_blank\" rel=\"noreferrer noopener nofollow\">Cruz Azul Escudo Azul<\/a><\/div>\n\n\n\n<div class=\"wp-block-button\"><a class=\"wp-block-button__link wp-element-button\" href=\"https:\/\/www.edhc.com\/ProviderPricingTransparency\/\" target=\"_blank\" rel=\"noreferrer noopener nofollow\">Atenci\u00f3n m\u00e9dica directa del empleador<\/a><\/div>\n<\/div>\n\n<\/div>\n\n\t<\/div>\n\n<\/div>\n\n\n\n<div  class=\"container contain contain--normal contain--vpad\" style=\"\">\n\n\t<div class=\"contain__inner\" style=\"\">\n\n\t\t<div class=\"acf-innerblocks-container\">\n\n<p class=\"has-text-align-center\">Waste Pro participa en E-Verify. De conformidad con la ley federal, todos los candidatos a quienes se les haga una oferta de empleo condicional deber\u00e1n verificar su identidad y su elegibilidad para el empleo antes de comenzar a trabajar en Waste Pro. Lea los avisos adjuntos para obtener informaci\u00f3n importante sobre E-Verify.<\/p>\n\n\n\n<div class=\"wp-block-buttons is-content-justification-center is-layout-flex wp-block-buttons-is-layout-flex\">\n<div class=\"wp-block-button\"><a class=\"wp-block-button__link wp-element-button\" href=\"\/wp-content\/uploads\/2016\/10\/E-Verify-Notice.pdf\" target=\"_blank\" rel=\"noreferrer noopener\">Aviso de verificaci\u00f3n electr\u00f3nica<\/a><\/div>\n\n\n\n<div class=\"wp-block-button\"><a class=\"wp-block-button__link wp-element-button\" href=\"\/wp-content\/uploads\/2016\/10\/Right-to-Work-Notice.pdf\" target=\"_blank\" rel=\"noreferrer noopener\">Aviso sobre el derecho al trabajo<\/a><\/div>\n<\/div>\n\n<\/div>\n\n\t<\/div>\n\n<\/div>","protected":false},"excerpt":{"rendered":"","protected":false},"author":14,"featured_media":8187,"parent":0,"menu_order":0,"comment_status":"closed","ping_status":"closed","template":"page_fullwidth.php","meta":{"_acf_changed":false,"advgb_blocks_editor_width":"","advgb_blocks_columns_visual_guide":"","footnotes":""},"class_list":["post-60","page","type-page","status-publish","has-post-thumbnail","hentry"],"acf":{"hide_global_cta_bar":false,"hide_social_header_bar":false,"top_bar_text":"","top_bar_button":null,"header_cta_title":"","header_cta_buttons":null},"coauthors":[],"author_meta":{"author_link":"https:\/\/www.wasteprousa.com\/es_co\/author\/sfazal\/","display_name":"Sophie Fazal"},"relative_dates":{"created":"Posted 10 a\u00f1os ago","modified":"Updated 2 a\u00f1os ago"},"absolute_dates":{"created":"Posted on octubre 6, 2016","modified":"Updated on febrero 14, 2024"},"absolute_dates_time":{"created":"Posted on octubre 6, 2016 7:07 pm","modified":"Updated on febrero 14, 2024 2:09 pm"},"featured_img_caption":"","featured_img":"https:\/\/www.wasteprousa.com\/wp-content\/uploads\/2022\/06\/WP_careers_HeroImage.png","series_order":"","publishpress_future_workflow_manual_trigger":{"enabledWorkflows":[]},"_links":{"self":[{"href":"https:\/\/www.wasteprousa.com\/es_co\/wp-json\/wp\/v2\/pages\/60","targetHints":{"allow":["GET"]}}],"collection":[{"href":"https:\/\/www.wasteprousa.com\/es_co\/wp-json\/wp\/v2\/pages"}],"about":[{"href":"https:\/\/www.wasteprousa.com\/es_co\/wp-json\/wp\/v2\/types\/page"}],"author":[{"embeddable":true,"href":"https:\/\/www.wasteprousa.com\/es_co\/wp-json\/wp\/v2\/users\/14"}],"replies":[{"embeddable":true,"href":"https:\/\/www.wasteprousa.com\/es_co\/wp-json\/wp\/v2\/comments?post=60"}],"version-history":[{"count":0,"href":"https:\/\/www.wasteprousa.com\/es_co\/wp-json\/wp\/v2\/pages\/60\/revisions"}],"wp:featuredmedia":[{"embeddable":true,"href":"https:\/\/www.wasteprousa.com\/es_co\/wp-json\/wp\/v2\/media\/8187"}],"wp:attachment":[{"href":"https:\/\/www.wasteprousa.com\/es_co\/wp-json\/wp\/v2\/media?parent=60"}],"curies":[{"name":"wp","href":"https:\/\/api.w.org\/{rel}","templated":true}]}}