{"id":561,"date":"2016-11-02T18:31:20","date_gmt":"2016-11-02T18:31:20","guid":{"rendered":"http:\/\/wastepro2.wpro.dev\/?page_id=561"},"modified":"2023-12-18T20:52:29","modified_gmt":"2023-12-18T20:52:29","slug":"pago-de-facturas","status":"publish","type":"page","link":"https:\/\/www.wasteprousa.com\/es_co\/pago-de-facturas\/","title":{"rendered":"Pago de facturas en l\u00ednea"},"content":{"rendered":"<div  class=\"block-bill-pay-locs\">\n\n\t\t\t<div class=\"block-bill-pay-locs__items\">\n\t\t\t<select class=\"block-bill-pay-locs__select\">\n\t\t\t\t<option><\/option>\n\t\t\t\t\t\t\t\t\t<option value=\"https:\/\/etower.wasteprousa.com\/T7Orlando\/\">100 \u2013 Orlando<\/option>\n\t\t\t\t\t\t\t\t\t<option value=\"https:\/\/etower.wasteprousa.com\/T7Sanford\/\">101 \u2013 Sanford<\/option>\n\t\t\t\t\t\t\t\t\t<option value=\"https:\/\/etower.wasteprousa.com\/T7Cocoa\/\">102 \u2013 Cacao<\/option>\n\t\t\t\t\t\t\t\t\t<option value=\"https:\/\/etower.wasteprousa.com\/T7FtPierce\/\">103 \u2013 Fuerte Pierce<\/option>\n\t\t\t\t\t\t\t\t\t<option value=\"https:\/\/etower.wasteprousa.com\/T7Gainesville\/\">104 \u2013 Gainesville<\/option>\n\t\t\t\t\t\t\t\t\t<option value=\"https:\/\/etower.wasteprousa.com\/T7FanningSprings\/\">105 \u2013 Manantiales Fanning<\/option>\n\t\t\t\t\t\t\t\t\t<option value=\"https:\/\/etower.wasteprousa.com\/T7PalmCoast\/\">106 \u2013 Costa de la Palma<\/option>\n\t\t\t\t\t\t\t\t\t<option value=\"https:\/\/etower.wasteprousa.com\/T7Jacksonville\">107 \u2013 Jacksonville<\/option>\n\t\t\t\t\t\t\t\t\t<option value=\"https:\/\/etower.wasteprousa.com\/T7Putnam\">108 \u2013 Putnam<\/option>\n\t\t\t\t\t\t\t\t\t<option value=\"https:\/\/etower.wasteprousa.com\/T7FtMyers\">109 \u2013 Fuerte Myers<\/option>\n\t\t\t\t\t\t\t\t\t<option value=\"https:\/\/etower.wasteprousa.com\/T7Tallahassee\">110 \u2013 Tallahassee<\/option>\n\t\t\t\t\t\t\t\t\t<option value=\"https:\/\/etower.wasteprousa.com\/T7LakeCity\">111 \u2013 Ciudad del Lago<\/option>\n\t\t\t\t\t\t\t\t\t<option value=\"https:\/\/etower.wasteprousa.com\/T7DaytonaBeach\">112 \u2013 Playa Daytona<\/option>\n\t\t\t\t\t\t\t\t\t<option value=\"https:\/\/etower.wasteprousa.com\/T7Crestview\">113 \u2013 Vista de la cresta<\/option>\n\t\t\t\t\t\t\t\t\t<option value=\"https:\/\/etower.wasteprousa.com\/T7BradentonSarasota\">114 - Condado de Manatee<\/option>\n\t\t\t\t\t\t\t\t\t<option value=\"https:\/\/etower.wasteprousa.com\/T7WestPalmBeach\">115 \u2013 Playa de Palm<\/option>\n\t\t\t\t\t\t\t\t\t<option value=\"https:\/\/etower.wasteprousa.com\/T7Pensacola\/\">116 \u2013 Pensacola<\/option>\n\t\t\t\t\t\t\t\t\t<option value=\"https:\/\/wastepro-portal.navusoft.net\/\">117 \u2013 Pinos de Pembroke<\/option>\n\t\t\t\t\t\t\t\t\t<option value=\"https:\/\/etower.wasteprousa.com\/T7PanamaCity\">118 \u2013 Ciudad de Panam\u00e1<\/option>\n\t\t\t\t\t\t\t\t\t<option value=\"https:\/\/wastepro-portal.navusoft.net\/\">119 \u2013 P\u00e1mpano<\/option>\n\t\t\t\t\t\t\t\t\t<option value=\"https:\/\/etower.wasteprousa.com\/T7Ocala\">120 \u2013 Ocala<\/option>\n\t\t\t\t\t\t\t\t\t<option value=\"https:\/\/etower.wasteprousa.com\/T7Clearwater\">121 \u2013 Aguas claras<\/option>\n\t\t\t\t\t\t\t\t\t<option value=\"https:\/\/etower.wasteprousa.com\/T7CitrusCounty\">122 \u2013 Condado de Citrus<\/option>\n\t\t\t\t\t\t\t\t\t<option value=\"https:\/\/etower.wasteprousa.com\/T7LakeCounty\">123 \u2013 Condado de Lake<\/option>\n\t\t\t\t\t\t\t\t\t<option value=\"https:\/\/etower.wasteprousa.com\/T7PascoCounty\/\">125 \u2013 Condado de Pasco<\/option>\n\t\t\t\t\t\t\t\t\t<option value=\"https:\/\/etower.wasteprousa.com\/T7CollierCounty\/\">126 \u2013 Condado de Collier<\/option>\n\t\t\t\t\t\t\t\t\t<option value=\"https:\/\/etower.wasteprousa.com\/T7Lehigh\/\">127 \u2013 Acres de Lehigh<\/option>\n\t\t\t\t\t\t\t\t\t<option value=\"https:\/\/etower.wasteprousa.com\/T7JacksonvilleGreenland\/\">128 \u2013 Jacksonville Groenlandia<\/option>\n\t\t\t\t\t\t\t\t\t<option value=\"https:\/\/etower.wasteprousa.com\/T7SarasotaCounty\/\">0129 - Condado de Sarasota<\/option>\n\t\t\t\t\t\t\t\t\t<option value=\"https:\/\/etower.wasteprousa.com\/T7Athens\">201 \u2013 Atenas<\/option>\n\t\t\t\t\t\t\t\t\t<option value=\"https:\/\/etower.wasteprousa.com\/T7Atlanta\">202 \u2013 Atlanta<\/option>\n\t\t\t\t\t\t\t\t\t<option value=\"https:\/\/etower.wasteprousa.com\/T7Gwinnett\">202 \u2013 Gwinnett<\/option>\n\t\t\t\t\t\t\t\t\t<option value=\"https:\/\/etower.wasteprousa.com\/T7atlantawest\/\">203 \u2013 Atlanta Oeste<\/option>\n\t\t\t\t\t\t\t\t\t<option value=\"https:\/\/etower.wasteprousa.com\/T7Cherokee\/\">204 \u2013 Transporte en el norte de Georgia<\/option>\n\t\t\t\t\t\t\t\t\t<option value=\"https:\/\/etower.wasteprousa.com\/T7HiltonHead\">301 \u2013 Hilton Head<\/option>\n\t\t\t\t\t\t\t\t\t<option value=\"https:\/\/etower.wasteprousa.com\/T7Mobile\">402 \u2013 M\u00f3vil<\/option>\n\t\t\t\t\t\t\t\t\t<option value=\"https:\/\/etower.wasteprousa.com\/T7Asheville\">501 \u2013 Asheville<\/option>\n\t\t\t\t\t\t\t\t\t<option value=\"https:\/\/etower.wasteprousa.com\/T7Concord\">502 \u2013 Concord<\/option>\n\t\t\t\t\t\t\t\t\t<option value=\"https:\/\/etower.wasteprousa.com\/T7CharlotteSouth\">503 \u2013 Charlotte Sur<\/option>\n\t\t\t\t\t\t\t\t\t<option value=\"https:\/\/wastepro-portal.navusoft.net\/\">700 \u2013 Gulfport<\/option>\n\t\t\t\t\t\t\t\t\t<option value=\"https:\/\/wastepro-portal.navusoft.net\/\">701 \u2013 Gautier<\/option>\n\t\t\t\t\t\t\t\t\t<option value=\"https:\/\/wastepro-portal.navusoft.net\/\">702 - Meridian<\/option>\n\t\t\t\t\t\t\t\t\t<option value=\"https:\/\/wastepro-portal.navusoft.net\/\">703 \u2013 Hattiesburg<\/option>\n\t\t\t\t\t\t\t\t\t<option value=\"https:\/\/etower.wasteprousa.com\/T7NewOrleans\">604 \u2013 Nueva Orleans<\/option>\n\t\t\t\t\t\t\t\t\t<option value=\"https:\/\/wastepro-portal.navusoft.net\/\">0704 \u2013 Jackson<\/option>\n\t\t\t\t\t\t\t\t\t<option value=\"https:\/\/wastepro-portal.navusoft.net\/\">705 \u2013 Columbus<\/option>\n\t\t\t\t\t\t\t\t\t<option value=\"https:\/\/etower.wasteprousa.com\/T7Memphis\">607 \u2013 Sur de Florida<\/option>\n\t\t\t\t\t\t\t\t\t<option value=\"https:\/\/wastepro-portal.navusoft.net\/\">0707 \u2013 Natchez<\/option>\n\t\t\t\t\t\t\t\t\t<option value=\"https:\/\/wastepro-portal.navusoft.net\/\">708 \u2013 Greenwood<\/option>\n\t\t\t\t\t\t\t\t\t<option value=\"https:\/\/etower.wasteprousa.com\/T7Northshore\/\">610 \u2013 Costa Norte<\/option>\n\t\t\t\t\t\t\t\t\t<option value=\"https:\/\/etower.wasteprousa.com\/T7Jonesboro\/\">611 \u2013 Jonesboro<\/option>\n\t\t\t\t\t\t\t\t\t<option value=\"https:\/\/etower.wasteprousa.com\/T7CajunCountry\">612 \u2013 Pa\u00eds caj\u00fan<\/option>\n\t\t\t\t\t\t\t\t\t<option value=\"https:\/\/etower.wasteprousa.com\/T7BatonRouge\/\">613 \u2013 Baton Rouge<\/option>\n\t\t\t\t\t\t\t\t\t<option value=\"https:\/\/etower.wasteprousa.com\/T7Blytheville\/\">614 \u2013 Blytheville<\/option>\n\t\t\t\t\t\t\t\t\t<option value=\"https:\/\/etower.wasteprousa.com\/T7MemphisTN\/\">615 \u2013 Menfis<\/option>\n\t\t\t\t\t\t\t\t\t<option value=\"https:\/\/etower.wasteprousa.com\/T7Nashville\">616 \u2013 Nashville<\/option>\n\t\t\t\t\t\t\t\t\t<option value=\"https:\/\/etower.wasteprousa.com\/T7IndustrialWaste\/\">0617 - Residuos industriales<\/option>\n\t\t\t\t\t\t\t\t\t<option value=\"https:\/\/etower.wasteprousa.com\/T7TotalWaste\/\">0621 \u2013 Soluciones integrales para residuos<\/option>\n\t\t\t\t\t\t\t\t\t<option value=\"https:\/\/etower.wasteprousa.com\/T7PortableToiletDivision\/\">0622 \u2013 Divisi\u00f3n de Sanitarios Port\u00e1tiles<\/option>\n\t\t\t\t\t\t\t\t\t<option value=\"https:\/\/etower.wasteprousa.com\/T7lakecharles\/\">0623 - Lake Charles<\/option>\n\t\t\t\t\t\t\t\t\t<option value=\"https:\/\/etower.wasteprousa.com\/T7professionalwastemanagement\/\">822 \u2013 Gesti\u00f3n Profesional de Residuos<\/option>\n\t\t\t\t\t\t\t\t\t<option value=\"https:\/\/etower.wasteprousa.com\/stinkypinky\/\">0902 \u2013 Pinky apestosa<\/option>\n\t\t\t\t\t\t\t\t\t<option value=\"https:\/\/etower.wasteprousa.com\/T7LafayetteHauling\/\">624 \u2013 Lafayette Hauling<\/option>\n\t\t\t\t\t\t\t\t\t<option value=\"https:\/\/etower.wasteprousa.com\/T7Marianna\/\">0132 \u2013 Marianna<\/option>\n\t\t\t\t\t\t\t\t\t<option value=\"https:\/\/etower.wasteprousa.com\/T7PolkCounty\/\">0124 \u2013 Polk County<\/option>\n\t\t\t\t\t\t\t\t\t<option value=\"https:\/\/etower.wasteprousa.com\/T7TampaHauling\/\">0131 \u2013 Tampa Hauling<\/option>\n\t\t\t\t\t\t\t\t\t<option value=\"https:\/\/etower.wasteprousa.com\/T7HoustonHauling\/\">2101 \u2013 Houston Hauling<\/option>\n\t\t\t\t\t\t\t<\/select>\n\t\t\t<div class=\"block-bill-pay-locs__button\">\n\t\t\t\t<button id=\"bill-pay-login\" class=\"button\">Acceso<\/button>\n\t\t\t<\/div>\n\t\t<\/div>\n\t\n\t<strong>\u00bfD\u00f3nde encuentro mi ubicaci\u00f3n?<\/strong>\n\t<p>Su n\u00famero de divisi\u00f3n se encuentra en la parte superior izquierda de cualquier factura Waste Pro.<\/p>\n\n<\/div>\n\n\n\n<div class=\"wp-block-columns is-layout-flex wp-block-columns-is-layout-flex\">\n<div class=\"wp-block-column is-layout-flow wp-block-column-is-layout-flow\">\n<p>El primer inicio de sesi\u00f3n lleva un minuto adicional y se requiere el \u00faltimo n\u00famero de factura o el n\u00famero de tel\u00e9fono registrado en su cuenta. No compartiremos su informaci\u00f3n personal.<\/p>\n\n\n\n<p>Una vez que inicie sesi\u00f3n, podr\u00e1:<\/p>\n\n\n\n<ol class=\"wp-block-list\">\n<li><strong>\u00a1Vuelvete sin papel!<\/strong> Haga clic en la opci\u00f3n Factura sin papel en la pantalla de bienvenida<\/li>\n\n\n\n<li>Realizar un pago utilizando su informaci\u00f3n bancaria o tarjeta de cr\u00e9dito<\/li>\n\n\n\n<li>Configurar pagos autom\u00e1ticos<\/li>\n\n\n\n<li>Ver y descargar facturas<\/li>\n\n\n\n<li>Revise sus d\u00edas de servicio<\/li>\n<\/ol>\n\n\n\n<figure class=\"wp-block-image\"><img decoding=\"async\" src=\"\/wp-content\/uploads\/2016\/10\/WP_Billing_Cards.jpg\" alt=\"\" class=\"wp-image-592\" title=\"\"><\/figure>\n<\/div>\n\n\n\n<div class=\"wp-block-column is-layout-flow wp-block-column-is-layout-flow\">\n<figure class=\"wp-block-image size-large\"><img loading=\"lazy\" decoding=\"async\" width=\"1024\" height=\"447\" src=\"https:\/\/www.wasteprousa.com\/wp-content\/uploads\/2016\/10\/RearLoadTruck-1024x447.png\" alt=\"\" class=\"wp-image-3152\" title=\"\" srcset=\"https:\/\/www.wasteprousa.com\/wp-content\/uploads\/2016\/10\/RearLoadTruck-1024x447.png 1024w, https:\/\/www.wasteprousa.com\/wp-content\/uploads\/2016\/10\/RearLoadTruck-300x131.png 300w, https:\/\/www.wasteprousa.com\/wp-content\/uploads\/2016\/10\/RearLoadTruck-768x335.png 768w, https:\/\/www.wasteprousa.com\/wp-content\/uploads\/2016\/10\/RearLoadTruck.png 1902w\" sizes=\"auto, (max-width: 1024px) 100vw, 1024px\" \/><\/figure>\n<\/div>\n<\/div>","protected":false},"excerpt":{"rendered":"<p>Iniciar sesi\u00f3n por primera vez toma un minuto adicional y requiere su \u00faltimo n\u00famero de factura o el n\u00famero de tel\u00e9fono registrado en su cuenta. No compartiremos su informaci\u00f3n personal. Una vez que inicie sesi\u00f3n, podr\u00e1:<\/p>","protected":false},"author":14,"featured_media":0,"parent":0,"menu_order":0,"comment_status":"closed","ping_status":"closed","template":"","meta":{"_acf_changed":false,"advgb_blocks_editor_width":"","advgb_blocks_columns_visual_guide":"","footnotes":""},"class_list":["post-561","page","type-page","status-publish","hentry"],"acf":{"hide_global_cta_bar":false,"hide_social_header_bar":false,"top_bar_text":"","top_bar_button":null,"header_cta_title":"","header_cta_buttons":null},"coauthors":[],"author_meta":{"author_link":"https:\/\/www.wasteprousa.com\/es_co\/author\/sfazal\/","display_name":"Sophie Fazal"},"relative_dates":{"created":"Posted 9 a\u00f1os ago","modified":"Updated 2 a\u00f1os ago"},"absolute_dates":{"created":"Posted on noviembre 2, 2016","modified":"Updated on diciembre 18, 2023"},"absolute_dates_time":{"created":"Posted on noviembre 2, 2016 6:31 pm","modified":"Updated on diciembre 18, 2023 8:52 pm"},"featured_img_caption":"","featured_img":false,"series_order":"","publishpress_future_workflow_manual_trigger":{"enabledWorkflows":[]},"_links":{"self":[{"href":"https:\/\/www.wasteprousa.com\/es_co\/wp-json\/wp\/v2\/pages\/561","targetHints":{"allow":["GET"]}}],"collection":[{"href":"https:\/\/www.wasteprousa.com\/es_co\/wp-json\/wp\/v2\/pages"}],"about":[{"href":"https:\/\/www.wasteprousa.com\/es_co\/wp-json\/wp\/v2\/types\/page"}],"author":[{"embeddable":true,"href":"https:\/\/www.wasteprousa.com\/es_co\/wp-json\/wp\/v2\/users\/14"}],"replies":[{"embeddable":true,"href":"https:\/\/www.wasteprousa.com\/es_co\/wp-json\/wp\/v2\/comments?post=561"}],"version-history":[{"count":0,"href":"https:\/\/www.wasteprousa.com\/es_co\/wp-json\/wp\/v2\/pages\/561\/revisions"}],"wp:attachment":[{"href":"https:\/\/www.wasteprousa.com\/es_co\/wp-json\/wp\/v2\/media?parent=561"}],"curies":[{"name":"wp","href":"https:\/\/api.w.org\/{rel}","templated":true}]}}