{"id":58,"date":"2016-10-06T19:07:01","date_gmt":"2016-10-06T19:07:01","guid":{"rendered":"http:\/\/wastepro2.wpro.dev\/?page_id=58"},"modified":"2024-08-06T10:07:42","modified_gmt":"2024-08-06T15:07:42","slug":"en-la-comunidad","status":"publish","type":"page","link":"https:\/\/www.wasteprousa.com\/es\/en-la-comunidad\/","title":{"rendered":"Cuidando nuestras comunidades"},"content":{"rendered":"<div  class=\"container contain contain--normal\" style=\"padding-bottom:3.5rem;\">\n\n\t<div class=\"contain__inner\" style=\"\">\n\n\t\t<div class=\"acf-innerblocks-container\">\n\n<p class=\"has-text-align-center has-medium-font-size\"><span class=\"s1\">Mientras Waste Pro atiende las necesidades de eliminaci\u00f3n y reciclaje de residuos s\u00f3lidos de m\u00e1s de dos millones de clientes residenciales y comerciales en m\u00e1s de 500 ciudades y municipios en todo el sur, con m\u00e1s de 250 contratos exclusivos. Entendemos la importancia de tener presencia local. Estamos orgullosos de trabajar, vivir y criar familias en las \u00e1reas a las que prestamos servicios.<span class=\"Apple-converted-space\">&nbsp; <\/span>Consideramos un privilegio trabajar de la mano con nuestros clientes, socios y empleados para crear un modelo de reciclaje y gesti\u00f3n de residuos mejor y que d\u00e9 prioridad a la comunidad. Nuestra estructura corporativa altamente descentralizada nos permite mantenernos \u00e1giles en t\u00e9rminos operativos y reaccionar de inmediato, lo que se traduce en programas personalizados para las necesidades \u00fanicas de cada condado que promueven los servicios m\u00e1s seguros y eficientes, al tiempo que respaldan la salud y el bienestar de las comunidades y el medio ambiente.<\/span><\/p>\n\n\n\n<figure class=\"wp-block-image aligncenter size-full\"><img loading=\"lazy\" decoding=\"async\" width=\"960\" height=\"720\" src=\"https:\/\/www.wasteprousa.com\/wp-content\/uploads\/2016\/10\/Triplets-6-4-16.jpg\" alt=\"\" class=\"wp-image-1663\" title=\"\" srcset=\"https:\/\/www.wasteprousa.com\/wp-content\/uploads\/2016\/10\/Triplets-6-4-16.jpg 960w, https:\/\/www.wasteprousa.com\/wp-content\/uploads\/2016\/10\/Triplets-6-4-16-300x225.jpg 300w, https:\/\/www.wasteprousa.com\/wp-content\/uploads\/2016\/10\/Triplets-6-4-16-768x576.jpg 768w\" sizes=\"auto, (max-width: 960px) 100vw, 960px\" \/><\/figure>\n\n\n\n<p class=\"has-text-align-center has-medium-font-size\"><span class=\"s1\">Para demostrar nuestro compromiso, donamos regularmente a causas que apoyan nuestro medio ambiente, educamos a los ciudadanos y brindamos ayuda a las personas de nuestros vecindarios. Donamos nuestro tiempo, experiencia y recursos para eventos comunitarios, clases de reciclaje responsable y gesti\u00f3n de residuos, y organizaciones locales que comparten nuestros mismos valores fundamentales. Es por eso que en Waste Pro decimos: &quot;Todo comienza en la acera y contin\u00faa a trav\u00e9s de la comunidad&quot;. Desde el final de la entrada de la casa hasta el medio ambiente global, nadie se preocupa por las personas y el planeta como Waste Pro. <\/span><\/p>\n\n<\/div>\n\n\t<\/div>\n\n<\/div>\n\n\n\n<div class=\"wp-block-cover\" style=\"border-style:none;border-width:0px;padding-top:0;padding-right:0;padding-bottom:0;padding-left:0;min-height:50px;aspect-ratio:unset;\"><span aria-hidden=\"true\" class=\"wp-block-cover__background has-blue-background-color has-background-dim-80 has-background-dim\"><\/span><img loading=\"lazy\" decoding=\"async\" width=\"1440\" height=\"675\" class=\"wp-block-cover__image-background wp-image-11147\" alt=\"\" src=\"https:\/\/www.wasteprousa.com\/wp-content\/uploads\/2024\/01\/default.jpg\" data-object-fit=\"cover\" title=\"\" srcset=\"https:\/\/www.wasteprousa.com\/wp-content\/uploads\/2024\/01\/default.jpg 1440w, https:\/\/www.wasteprousa.com\/wp-content\/uploads\/2024\/01\/default-300x141.jpg 300w, https:\/\/www.wasteprousa.com\/wp-content\/uploads\/2024\/01\/default-1024x480.jpg 1024w, https:\/\/www.wasteprousa.com\/wp-content\/uploads\/2024\/01\/default-768x360.jpg 768w\" sizes=\"auto, (max-width: 1440px) 100vw, 1440px\" \/><div class=\"wp-block-cover__inner-container is-layout-constrained wp-block-cover-is-layout-constrained\">\n<div  class=\"container wp-elements-5308e43914fe00e7c2722906d4974f15 contain contain--normal contain--vpad has-white-color\" style=\"\">\n\n\t<div class=\"contain__inner\" style=\"\">\n\n\t\t<div class=\"acf-innerblocks-container\">\n\n<h2 class=\"wp-block-heading has-white-color has-text-color has-link-color wp-elements-f18324e159b1b901a1b7092c1f7c202a\">Actualizaciones recientes<\/h2>\n\n\n\n<div  class=\"block-recent-posts has-3-cols\">\n\t\t\t\t\t\t\n<article id=\"post-15150\" class=\"entry-listing post-15150 post type-post status-publish format-standard hentry category-in-the-community category-in-the-news category-newsletters category-sustainability category-wastepro tag-orlando tag-solid-waste tag-sustainability tag-waste-pro\">\n\n\t<header class=\"entry-header\">\n\t\t<h2 class=\"listing-title entry-title\"><a href=\"https:\/\/www.wasteprousa.com\/es\/blog\/waste-pro-usa-inc-announces-the-reoffering-of-120-0-million-of-solid-waste-disposal-revenue-bonds\/\" rel=\"bookmark\">Waste Pro USA, Inc. Announces the Reoffering of $120.0 million of Solid Waste Disposal Revenue Bonds<\/a><\/h2>\n\t\t\n<div class=\"entry-meta\">\n\t<span class=\"entry-date\">Publicado el <time class=\"entry-date published updated\" datetime=\"2026-04-02T11:50:03-04:00\">abril 2, 2026<\/time><\/span> <span class=\"entry-by\">por <span class=\"author\">Alegr\u00eda Kurtz<\/span><\/span>\n<\/div>\n\t<\/header>\n\n\t<div class=\"entry-summary clear\">\n\t\t<p>For Immediate Release&nbsp;&nbsp;&nbsp;&nbsp;&nbsp;&nbsp;&nbsp;&nbsp;&nbsp;&nbsp;&nbsp;&nbsp;&nbsp;&nbsp;&nbsp;&nbsp;&nbsp;&nbsp;&nbsp;&nbsp;&nbsp;&nbsp;&nbsp;&nbsp;&nbsp;&nbsp;&nbsp;&nbsp;&nbsp;&nbsp;&nbsp;&nbsp;&nbsp;&nbsp;&nbsp;&nbsp;&nbsp;&nbsp;&nbsp;&nbsp;&nbsp;&nbsp;&nbsp;&nbsp;&nbsp;&nbsp;&nbsp;&nbsp;&nbsp;&nbsp;&nbsp;&nbsp;&nbsp;&nbsp;&nbsp;&nbsp;&nbsp;&nbsp;&nbsp;&nbsp;&nbsp;&nbsp;&nbsp;&nbsp;&nbsp;&nbsp;&nbsp;&nbsp;&nbsp;&nbsp;&nbsp; Media Contact: Tracy Meehan Communications Director (407) 883-3791 tmeehan@wasteprousa.com Investors: Ryan LeBeau Vice President of Finance (407) 937-2675 rlebeau@wasteprousa.com LONGWOOD, FL \u2013 April 2, 2026 \u2013 Waste Pro USA, Inc. (&#8220;Waste Pro&#8221;), a regional privately-held provider of non-hazardous waste collection, transfer, recycling and disposal services, announced today that it has completed the&#8230;<\/p>\n\t\t<div class=\"excerpt-read-more\"><a href=\"https:\/\/www.wasteprousa.com\/es\/blog\/waste-pro-usa-inc-announces-the-reoffering-of-120-0-million-of-solid-waste-disposal-revenue-bonds\/\" class=\"button-read-more\">Leer m\u00e1s<\/a><\/div>\n\t<\/div>\n\n<\/article>\n\t\t\t\t\t\n<article id=\"post-15105\" class=\"entry-listing post-15105 post type-post status-publish format-standard hentry category-in-the-community category-in-the-news category-newsletters category-wastepro category-women-of-waste-pro tag-community-involvement tag-floridapanhandle tag-humanresources tag-in-the-community tag-mississippi tag-waste-pro tag-women\">\n\n\t<header class=\"entry-header\">\n\t\t<h2 class=\"listing-title entry-title\"><a href=\"https:\/\/www.wasteprousa.com\/es\/blog\/woman-of-waste-pro-kimetra-leggins-regional-hr-manager-mississippi-and-the-coastal-region\/\" rel=\"bookmark\">woman of waste pro kimetra leggins, regional hr manager, mississippi and the coastal region<\/a><\/h2>\n\t\t\n<div class=\"entry-meta\">\n\t<span class=\"entry-date\">Publicado el <time class=\"entry-date published updated\" datetime=\"2026-03-25T12:24:45-04:00\">marzo 25, 2026<\/time><\/span> <span class=\"entry-by\">por <span class=\"author\">Alegr\u00eda Kurtz<\/span><\/span>\n<\/div>\n\t<\/header>\n\n\t<div class=\"entry-summary clear\">\n\t\t<p>For Kimetra Leggins, Waste Pro is more than a career \u2014 it is part of her life\u2019s journey. An MBA graduate of The University of Southern Mississippi, Kimetra began her professional career with Cingular Wireless, which was later acquired by AT&amp;T. After leaving AT&amp;T to focus on raising her son, she rejoined the workforce in&#8230;<\/p>\n\t\t<div class=\"excerpt-read-more\"><a href=\"https:\/\/www.wasteprousa.com\/es\/blog\/woman-of-waste-pro-kimetra-leggins-regional-hr-manager-mississippi-and-the-coastal-region\/\" class=\"button-read-more\">Leer m\u00e1s<\/a><\/div>\n\t<\/div>\n\n<\/article>\n\t\t\t\t\t\n<article id=\"post-15035\" class=\"entry-listing post-15035 post type-post status-publish format-standard hentry category-in-the-community category-in-the-news category-wastepro category-women-of-waste-pro\">\n\n\t<header class=\"entry-header\">\n\t\t<h2 class=\"listing-title entry-title\"><a href=\"https:\/\/www.wasteprousa.com\/es\/blog\/women-of-waste-pro-casey-courtney-office-manager-baton-rouge-louisiana\/\" rel=\"bookmark\">Women of Waste Pro Casey Courtney, Office Manager, Baton Rouge, Louisiana<\/a><\/h2>\n\t\t\n<div class=\"entry-meta\">\n\t<span class=\"entry-date\">Publicado el <time class=\"entry-date published updated\" datetime=\"2026-02-17T12:26:07-05:00\">febrero 17, 2026<\/time><\/span> <span class=\"entry-by\">por <span class=\"author\">Alegr\u00eda Kurtz<\/span><\/span>\n<\/div>\n\t<\/header>\n\n\t<div class=\"entry-summary clear\">\n\t\t<p>BATON ROUGE, LA \u2013 February 17, 2026: At every successful organization, there is a professional who serves as its operational glue\u2014ensuring continuity, accountability, and execution. At Waste Pro\u2019s Baton Rouge Division, that role is filled by Office Manager Casey Courtney. Casey\u2019s path into the solid waste and recycling industry was anything but traditional. Prior to&#8230;<\/p>\n\t\t<div class=\"excerpt-read-more\"><a href=\"https:\/\/www.wasteprousa.com\/es\/blog\/women-of-waste-pro-casey-courtney-office-manager-baton-rouge-louisiana\/\" class=\"button-read-more\">Leer m\u00e1s<\/a><\/div>\n\t<\/div>\n\n<\/article>\n\t\t\t\n<\/div>\n\n\n\n<div class=\"wp-block-buttons is-layout-flex wp-block-buttons-is-layout-flex\">\n<div class=\"wp-block-button is-style-outline is-style-outline--1\"><a class=\"wp-block-button__link wp-element-button\" href=\"https:\/\/www.wasteprousa.com\/es\/noticias\/\">Leer m\u00e1s noticias<\/a><\/div>\n<\/div>\n\n<\/div>\n\n\t<\/div>\n\n<\/div>\n<\/div><\/div>\n\n\n\n<div  class=\"container wp-elements-b302d7de87e82b71459fec4c41192b0e contain contain--normal contain--vpad has-white-color has-dark-green-background-color\" style=\"\">\n\n\t<div class=\"contain__inner\" style=\"\">\n\n\t\t<div class=\"acf-innerblocks-container\">\n\n<h2 class=\"wp-block-heading has-text-align-center has-white-color has-text-color has-link-color wp-elements-a57d107edce03bd22aaf0026b172ccc4\">Museo del Cami\u00f3n Hist\u00f3rico<\/h2>\n\n\n\n<div class=\"wp-block-buttons is-content-justification-center is-layout-flex wp-block-buttons-is-layout-flex\">\n<div class=\"wp-block-button\"><a class=\"wp-block-button__link wp-element-button\" href=\"https:\/\/www.wasteprousa.com\/es\/museo-de-camiones\/\">Ver camiones<\/a><\/div>\n<\/div>\n\n<\/div>\n\n\t<\/div>\n\n<\/div>","protected":false},"excerpt":{"rendered":"","protected":false},"author":14,"featured_media":2680,"parent":0,"menu_order":0,"comment_status":"closed","ping_status":"closed","template":"page_fullwidth.php","meta":{"_acf_changed":true,"advgb_blocks_editor_width":"","advgb_blocks_columns_visual_guide":"","footnotes":""},"class_list":["post-58","page","type-page","status-publish","has-post-thumbnail","hentry"],"acf":{"hide_global_cta_bar":false,"hide_social_header_bar":false,"top_bar_text":"","top_bar_button":null,"header_cta_title":"","header_cta_buttons":null},"coauthors":[],"author_meta":{"author_link":"https:\/\/www.wasteprousa.com\/es\/author\/sfazal\/","display_name":"Sophie Fazal"},"relative_dates":{"created":"Publicado 9 a\u00f1os hace","modified":"Actualizado 2 a\u00f1os hace"},"absolute_dates":{"created":"Publicado el octubre 6, 2016","modified":"Actualizado el agosto 6, 2024"},"absolute_dates_time":{"created":"Publicado el octubre 6, 2016 7:07 pm","modified":"Actualizado el agosto 6, 2024 10:07 am"},"featured_img_caption":"","featured_img":"https:\/\/www.wasteprousa.com\/wp-content\/uploads\/2017\/12\/oc_lunch.jpg","series_order":"","publishpress_future_workflow_manual_trigger":{"enabledWorkflows":[]},"_links":{"self":[{"href":"https:\/\/www.wasteprousa.com\/es\/wp-json\/wp\/v2\/pages\/58","targetHints":{"allow":["GET"]}}],"collection":[{"href":"https:\/\/www.wasteprousa.com\/es\/wp-json\/wp\/v2\/pages"}],"about":[{"href":"https:\/\/www.wasteprousa.com\/es\/wp-json\/wp\/v2\/types\/page"}],"author":[{"embeddable":true,"href":"https:\/\/www.wasteprousa.com\/es\/wp-json\/wp\/v2\/users\/14"}],"replies":[{"embeddable":true,"href":"https:\/\/www.wasteprousa.com\/es\/wp-json\/wp\/v2\/comments?post=58"}],"version-history":[{"count":0,"href":"https:\/\/www.wasteprousa.com\/es\/wp-json\/wp\/v2\/pages\/58\/revisions"}],"wp:featuredmedia":[{"embeddable":true,"href":"https:\/\/www.wasteprousa.com\/es\/wp-json\/wp\/v2\/media\/2680"}],"wp:attachment":[{"href":"https:\/\/www.wasteprousa.com\/es\/wp-json\/wp\/v2\/media?parent=58"}],"curies":[{"name":"wp","href":"https:\/\/api.w.org\/{rel}","templated":true}]}}