{"id":2143,"date":"2017-02-23T20:00:00","date_gmt":"2017-02-23T20:00:00","guid":{"rendered":"https:\/\/wasteprousa.r44kx7nj-liquidwebsites.com\/?page_id=2143"},"modified":"2018-01-17T21:04:29","modified_gmt":"2018-01-17T21:04:29","slug":"coleccion-residencial","status":"publish","type":"page","link":"https:\/\/www.wasteprousa.com\/es\/coleccion-residencial\/","title":{"rendered":"Colecci\u00f3n residencial"},"content":{"rendered":"<h3>Colecci\u00f3n residencial<\/h3>\n<p class=\"p1\"><span class=\"s1\">La basura dom\u00e9stica residencial se recoge una vez por semana.<\/span><\/p>\n<p class=\"p1\"><span class=\"s1\">Por favor haga clic <a href=\"https:\/\/www.wasteprousa.com\/wp-content\/uploads\/2016\/10\/copy-of-city-of-beaufort-schedule-by-street-revised-1.pdf\"><span class=\"s2\">aqu\u00ed<\/span><\/a> para un listado de calles por d\u00eda de servicio.<\/span><\/p>\n<p class=\"p1\"><span class=\"s1\">Todos los residentes de una sola familia recibir\u00e1n un carrito de basura verde de 96 galones que se limpiar\u00e1 una vez por semana. Coloque toda la basura del hogar en su carrito de 96 galones y col\u00f3quelo en la acera el d\u00eda de recolecci\u00f3n. Otras pautas a seguir:<\/span><\/p>\n<p class=\"p1\"><span class=\"s1\">\u2022 Coloque el carrito de basura verde de 96 galones para recolecci\u00f3n junto a la calle, pero no sobre ella, antes de las 6:30 a. m. los d\u00edas de recolecci\u00f3n programados. Es importante que el carrito est\u00e9 siempre orientado hacia la calle (es decir, que las manijas est\u00e9n ubicadas en el lado del carrito m\u00e1s cercano a su residencia).<br \/>\n\u2022 Cada carrito de basura de 96 galones est\u00e1 equipado con una tapa f\u00e1cil de abrir y cerrar y ruedas para moverlo f\u00e1cilmente hasta la acera.<br \/>\n\u2022 Todos los art\u00edculos de basura colocados en los carritos no deben sobresalir del borde del carrito.<br \/>\n\u2022 No se pueden utilizar como contenedores de basura bolsas de papel, cajas de cart\u00f3n, papeleras para reciclaje ni bidones de aceite. Se debe utilizar el carrito.<br \/>\n\u2022 No se recoger\u00e1n aceites usados, pinturas, insecticidas, productos qu\u00edmicos, piezas de autom\u00f3viles, bater\u00edas, neum\u00e1ticos, desechos m\u00e9dicos (incluidas agujas hipod\u00e9rmicas y jeringas) ni desechos peligrosos.<br \/>\n\u2022 El c\u00f3digo de la ciudad establece que los carritos de basura no deben retirarse antes de las 5:30 a. m. en los d\u00edas designados para la recolecci\u00f3n residencial.<span class=\"Apple-converted-space\">\u00a0 <\/span>y deben retirarse de la acera antes de las 7:00 p. m. del d\u00eda de recolecci\u00f3n designado.<\/span><\/p>\n<p class=\"p1\"><span class=\"s1\">Si experimenta una &quot;recogida perdida&quot; en su recolecci\u00f3n, o tiene alguna pregunta, llame al servicio de atenci\u00f3n al cliente de WastePro al (843) 645-4100 o el residente puede simplemente <a href=\"https:\/\/www.tracezonline.com\/NewIncident.aspx?it=1&amp;di=97&amp;ci=8\" rel=\"nofollow noopener\" target=\"_blank\"><span class=\"s2\">Reportar un problema a trav\u00e9s de Trac-Ez<\/span><\/a>Podr\u00e1s seguir\/monitorear el progreso de tu solicitud en l\u00ednea a trav\u00e9s de Trac-EZ.<\/span><\/p>","protected":false},"excerpt":{"rendered":"<p>Residential Collection Residential household garbage is collected one time per week. Please click here for a street listing per service day. All single family residents will receive a green 96 gallon garbage cart which will be serviced one time per week. Please place all household garbage in your 96 gallon cart and place the cart&#8230;<\/p>","protected":false},"author":14,"featured_media":0,"parent":0,"menu_order":0,"comment_status":"closed","ping_status":"closed","template":"templates\/page-municipality.php","meta":{"_acf_changed":false,"advgb_blocks_editor_width":"","advgb_blocks_columns_visual_guide":"","footnotes":""},"class_list":["post-2143","page","type-page","status-publish","hentry"],"acf":{"hide_global_cta_bar":false,"hide_social_header_bar":false,"top_bar_text":"","top_bar_button":null,"header_cta_title":"","header_cta_buttons":null},"coauthors":[],"author_meta":{"author_link":"https:\/\/www.wasteprousa.com\/es\/author\/sfazal\/","display_name":"Sophie Fazal"},"relative_dates":{"created":"Publicado 9 a\u00f1os hace","modified":"Actualizado 8 a\u00f1os hace"},"absolute_dates":{"created":"Publicado el febrero 23, 2017","modified":"Actualizado el enero 17, 2018"},"absolute_dates_time":{"created":"Publicado el febrero 23, 2017 8:00 pm","modified":"Actualizado el enero 17, 2018 9:04 pm"},"featured_img_caption":"","featured_img":false,"series_order":"","publishpress_future_workflow_manual_trigger":{"enabledWorkflows":[]},"_links":{"self":[{"href":"https:\/\/www.wasteprousa.com\/es\/wp-json\/wp\/v2\/pages\/2143","targetHints":{"allow":["GET"]}}],"collection":[{"href":"https:\/\/www.wasteprousa.com\/es\/wp-json\/wp\/v2\/pages"}],"about":[{"href":"https:\/\/www.wasteprousa.com\/es\/wp-json\/wp\/v2\/types\/page"}],"author":[{"embeddable":true,"href":"https:\/\/www.wasteprousa.com\/es\/wp-json\/wp\/v2\/users\/14"}],"replies":[{"embeddable":true,"href":"https:\/\/www.wasteprousa.com\/es\/wp-json\/wp\/v2\/comments?post=2143"}],"version-history":[{"count":0,"href":"https:\/\/www.wasteprousa.com\/es\/wp-json\/wp\/v2\/pages\/2143\/revisions"}],"wp:attachment":[{"href":"https:\/\/www.wasteprousa.com\/es\/wp-json\/wp\/v2\/media?parent=2143"}],"curies":[{"name":"wp","href":"https:\/\/api.w.org\/{rel}","templated":true}]}}