{"id":13191,"date":"2025-03-07T08:51:40","date_gmt":"2025-03-07T13:51:40","guid":{"rendered":"https:\/\/www.wasteprousa.com\/?page_id=13191"},"modified":"2025-03-07T08:58:38","modified_gmt":"2025-03-07T13:58:38","slug":"politica-de-privacidad","status":"publish","type":"page","link":"https:\/\/www.wasteprousa.com\/es\/politica-de-privacidad\/","title":{"rendered":"pol\u00edtica de privacidad"},"content":{"rendered":"<p>Gracias por elegir ser parte de nuestra comunidad en Waste Pro USA, Inc., que opera como Waste Pro USA (\u201cWaste Pro USA\u201d, \u201c<strong>nosotros<\/strong>\u201d, \u201c<strong>a nosotros<\/strong>&quot;, o &quot;<strong>nuestro<\/strong>\u201d). Nos comprometemos a proteger su informaci\u00f3n personal y su derecho a la privacidad. Si tiene alguna pregunta o inquietud sobre nuestro aviso o nuestras pr\u00e1cticas con respecto a su informaci\u00f3n personal, comun\u00edquese con nosotros.<\/p>\n\n\n\n<p>Cuando visita nuestro sitio web https:\/\/www.wasteprousa.com\/ y utiliza nuestros servicios, nos conf\u00eda su informaci\u00f3n personal. Nos tomamos muy en serio su privacidad. En este aviso de privacidad, buscamos explicarle de la manera m\u00e1s clara posible qu\u00e9 informaci\u00f3n recopilamos, c\u00f3mo la usamos y qu\u00e9 derechos tiene en relaci\u00f3n con ella. Esperamos que se tome un tiempo para leerlo detenidamente, ya que es importante. Si hay alg\u00fan t\u00e9rmino en este aviso de privacidad con el que no est\u00e1 de acuerdo, deje de usar nuestros Sitios y nuestros servicios.<\/p>\n\n\n\n<p>Este aviso de privacidad se aplica a toda la informaci\u00f3n recopilada a trav\u00e9s de nuestro sitio web (como https:\/\/www.wasteprousa.com\/) y\/o cualquier servicio, venta, marketing o evento relacionado (nos referimos a ellos colectivamente en este aviso de privacidad como &quot;<strong>Servicios<\/strong>\u201c).<\/p>\n\n\n\n<p><strong>Lea atentamente este aviso de privacidad, ya que le ayudar\u00e1 a tomar decisiones informadas sobre compartir su informaci\u00f3n personal con nosotros.<\/strong><\/p>\n\n\n\n<div class=\"wp-block-rank-math-toc-block\" id=\"rank-math-toc\"><h3>Tabla de contenido<\/h3><nav><ul><li><a href=\"#1-what-information-do-we-collect\">1. \u00bfQu\u00e9 informaci\u00f3n recopilamos?<\/a><\/li><li><a href=\"#2-how-do-we-use-your-information\">2. \u00bfC\u00f3mo utilizamos su informaci\u00f3n?<\/a><\/li><li><a href=\"#3-will-your-information-be-shared-with-anyone\">3. \u00bfSu informaci\u00f3n ser\u00e1 compartida con alguien?<\/a><\/li><li><a href=\"#4-do-we-use-cookies-and-other-tracking-technologies\">4. \u00bfUtilizamos cookies y otras tecnolog\u00edas de seguimiento?<\/a><\/li><li><a href=\"#5-do-we-use-google-maps\">5. \u00bfUtilizamos Google Maps?<\/a><\/li><li><a href=\"#6-how-long-do-we-keep-your-information\">6. \u00bfDurante cu\u00e1nto tiempo conservamos su informaci\u00f3n?<\/a><\/li><li><a href=\"#7-how-do-we-keep-your-information-safe\">7. \u00bfC\u00f3mo mantenemos segura su informaci\u00f3n?<\/a><\/li><li><a href=\"#8-do-we-collect-information-from-minors\">8. \u00bfRecopilamos informaci\u00f3n de menores de edad?<\/a><\/li><li><a href=\"#9-what-are-your-privacy-rights\">9. \u00bfCu\u00e1les son sus derechos de privacidad?<\/a><\/li><li><a href=\"#10-controls-for-do-not-track-dnt-features\">10. Controles para funciones de no seguimiento (DNT)<\/a><\/li><li><a href=\"#11-do-california-residents-have-specific-privacy-rights\">11. \u00bfLos residentes de California tienen derechos de privacidad espec\u00edficos?<\/a><\/li><li><a href=\"#12-do-we-make-updates-to-this-policy\">12. \u00bfRealizamos actualizaciones a esta pol\u00edtica?<\/a><\/li><li><a href=\"#13-how-can-you-contact-us-about-this-policy\">13. \u00bfC\u00f3mo puede ponerse en contacto con nosotros sobre esta pol\u00edtica?<\/a><\/li><\/ul><\/nav><\/div>\n\n\n\n<h3 class=\"wp-block-heading\" id=\"1-what-information-do-we-collect\">1. \u00bfQu\u00e9 informaci\u00f3n recopilamos?<\/h3>\n\n\n\n<p><strong>Informaci\u00f3n recopilada autom\u00e1ticamente<\/strong><\/p>\n\n\n\n<p><strong><em>En breve:<\/em><\/strong><strong> <\/strong><em>Cierta informaci\u00f3n, como la direcci\u00f3n IP y\/o las caracter\u00edsticas del navegador y del dispositivo, se recopila autom\u00e1ticamente cuando visita nuestros Servicios.<\/em><\/p>\n\n\n\n<p>Recopilamos autom\u00e1ticamente cierta informaci\u00f3n cuando visita, utiliza o navega por los Servicios. Esta informaci\u00f3n no revela su identidad espec\u00edfica (como su nombre o informaci\u00f3n de contacto), pero puede incluir informaci\u00f3n sobre el dispositivo y su uso, como su direcci\u00f3n IP, navegador y caracter\u00edsticas del dispositivo, sistema operativo, preferencias de idioma, URL de referencia, nombre del dispositivo, pa\u00eds, ubicaci\u00f3n, informaci\u00f3n sobre c\u00f3mo y cu\u00e1ndo utiliza nuestros Servicios y otra informaci\u00f3n t\u00e9cnica. Esta informaci\u00f3n es necesaria principalmente para mantener la seguridad y el funcionamiento de nuestros Servicios, y para nuestros fines de an\u00e1lisis e informes internos.<\/p>\n\n\n\n<p>Como muchas empresas, tambi\u00e9n recopilamos informaci\u00f3n a trav\u00e9s de cookies y tecnolog\u00edas similares.<\/p>\n\n\n\n<h3 class=\"wp-block-heading\" id=\"2-how-do-we-use-your-information\">2. \u00bfC\u00f3mo utilizamos su informaci\u00f3n?<\/h3>\n\n\n\n<p><strong><em>En breve:<\/em><\/strong><em> Procesamos su informaci\u00f3n para fines basados en intereses comerciales leg\u00edtimos, el cumplimiento de nuestro contrato con usted, el cumplimiento de nuestras obligaciones legales y\/o su consentimiento.<\/em><\/p>\n\n\n\n<p>Utilizamos la informaci\u00f3n personal recopilada a trav\u00e9s de nuestros Servicios para una variedad de fines comerciales que se describen a continuaci\u00f3n. Procesamos su informaci\u00f3n personal para estos fines bas\u00e1ndonos en nuestros intereses comerciales leg\u00edtimos, para celebrar o ejecutar un contrato con usted, con su consentimiento, y\/o para cumplir con nuestras obligaciones legales. Indicamos los motivos espec\u00edficos de procesamiento en los que nos basamos junto a cada prop\u00f3sito que se enumera a continuaci\u00f3n.<\/p>\n\n\n\n<p>Utilizamos la informaci\u00f3n que recopilamos o recibimos:<\/p>\n\n\n\n<ul class=\"wp-block-list\">\n<li><strong>Para facilitar el proceso de creaci\u00f3n de cuentas e inicio de sesi\u00f3n.<\/strong> Si decide vincular su cuenta con nosotros a una cuenta de terceros (como su cuenta de Google o Facebook), usamos la informaci\u00f3n que nos permiti\u00f3 recopilar de esos terceros para facilitar la creaci\u00f3n de la cuenta y el proceso de inicio de sesi\u00f3n para la ejecuci\u00f3n del contrato.<\/li>\n\n\n\n<li><strong>Para enviarle comunicaciones de marketing y promocionales.<\/strong> Nosotros y\/o nuestros socios de marketing externos podemos utilizar la informaci\u00f3n personal que nos env\u00ede para nuestros fines de marketing si esto es conforme a sus preferencias de marketing. Puede optar por no recibir nuestros correos electr\u00f3nicos de marketing en cualquier momento (consulte la secci\u00f3n \u201c<a href=\"https:\/\/surrogacyarkansas.com\/privacy-policy\/#privacyrights\" rel=\"nofollow noopener\" target=\"_blank\">\u00bfCu\u00e1les son sus derechos de privacidad?<\/a>&quot; abajo).<\/li>\n\n\n\n<li>Cumplir y gestionar sus pedidos. Podemos utilizar su informaci\u00f3n para cumplir y gestionar sus pedidos, pagos, devoluciones y cambios realizados a trav\u00e9s de los Servicios.<\/li>\n\n\n\n<li>Para publicar testimonios. Publicamos testimonios en nuestros Servicios que pueden contener informaci\u00f3n personal. Antes de publicar un testimonio, solicitaremos su consentimiento para utilizar su nombre y testimonio. Si desea actualizar o eliminar su testimonio, comun\u00edquese con nosotros y aseg\u00farese de incluir su nombre, la ubicaci\u00f3n del testimonio y la informaci\u00f3n de contacto.<\/li>\n\n\n\n<li>Enviarle publicidad personalizada. Podemos utilizar su informaci\u00f3n para desarrollar y mostrar contenido y publicidad (y trabajar con terceros que lo hagan) adaptados a sus intereses o ubicaci\u00f3n y para medir su eficacia.<\/li>\n\n\n\n<li>Solicitar comentarios. Podemos utilizar su informaci\u00f3n para solicitar comentarios y comunicarnos con usted acerca de su uso de nuestros Servicios.<\/li>\n\n\n\n<li>Para prestar servicios al usuario. Podemos utilizar su informaci\u00f3n para proporcionarle el servicio solicitado.<\/li>\n\n\n\n<li>Para responder a las consultas de los usuarios y ofrecerles asistencia. Podemos utilizar su informaci\u00f3n para responder a sus consultas y resolver cualquier problema potencial que pueda tener con el uso de nuestros Servicios.<\/li>\n\n\n\n<li>Para otros fines comerciales. Podemos utilizar su informaci\u00f3n para otros fines comerciales, como an\u00e1lisis de datos, identificaci\u00f3n de tendencias de uso, determinaci\u00f3n de la eficacia de nuestras campa\u00f1as promocionales y para evaluar y mejorar nuestros Servicios, productos, marketing y su experiencia. Podemos utilizar y almacenar esta informaci\u00f3n en forma agregada y an\u00f3nima para que no se asocie con usuarios finales individuales y no incluya informaci\u00f3n personal. No utilizaremos informaci\u00f3n personal identificable sin su consentimiento.<\/li>\n<\/ul>\n\n\n\n<h3 class=\"wp-block-heading\" id=\"3-will-your-information-be-shared-with-anyone\">3. \u00bfSu informaci\u00f3n ser\u00e1 compartida con alguien?<\/h3>\n\n\n\n<p><strong><em>En breve:<\/em><\/strong><strong> <\/strong><em>Solo compartimos informaci\u00f3n con su consentimiento, para cumplir con las leyes, brindarle servicios, proteger sus derechos o cumplir con obligaciones comerciales.<\/em><\/p>\n\n\n\n<p>Podemos procesar o compartir datos en base a la siguiente base legal:<\/p>\n\n\n\n<ul class=\"wp-block-list\">\n<li><strong>Consentir:<\/strong> Podemos procesar sus datos si nos ha dado su consentimiento espec\u00edfico para utilizar su informaci\u00f3n personal para un prop\u00f3sito espec\u00edfico.<\/li>\n\n\n\n<li><strong>Intereses leg\u00edtimos:<\/strong> Podemos procesar sus datos cuando sea razonablemente necesario para lograr nuestros intereses comerciales leg\u00edtimos.<\/li>\n\n\n\n<li><strong>Ejecuci\u00f3n de un contrato: <\/strong>Cuando hayamos celebrado un contrato con usted, podremos procesar su informaci\u00f3n personal para cumplir con los t\u00e9rminos de nuestro contrato.<\/li>\n\n\n\n<li><strong>Obligaciones legales:<\/strong> Podemos divulgar su informaci\u00f3n cuando estemos legalmente obligados a hacerlo para cumplir con la ley aplicable, solicitudes gubernamentales, un procedimiento judicial, una orden judicial o procesos legales, como en respuesta a una orden judicial o una citaci\u00f3n (incluso en respuesta a autoridades p\u00fablicas para cumplir con requisitos de seguridad nacional o de aplicaci\u00f3n de la ley).<\/li>\n\n\n\n<li><strong>Intereses vitales:<\/strong> Podemos divulgar su informaci\u00f3n cuando consideremos que es necesario investigar, prevenir o tomar medidas con respecto a posibles violaciones de nuestras pol\u00edticas, sospechas de fraude, situaciones que involucren amenazas potenciales a la seguridad de cualquier persona y actividades ilegales, o como evidencia en litigios en los que estemos involucrados.<\/li>\n<\/ul>\n\n\n\n<p>M\u00e1s espec\u00edficamente, es posible que necesitemos procesar sus datos o compartir su informaci\u00f3n personal en las siguientes situaciones:<\/p>\n\n\n\n<ul class=\"wp-block-list\">\n<li><strong>Proveedores, consultores y otros proveedores de servicios externos.<\/strong> Podemos compartir sus datos con proveedores externos, proveedores de servicios, contratistas o agentes que realizan servicios para nosotros o en nuestro nombre y requieren acceso a dicha informaci\u00f3n para realizar ese trabajo. Algunos ejemplos incluyen procesamiento de pagos, an\u00e1lisis de datos, entrega de correo electr\u00f3nico, servicios de alojamiento, atenci\u00f3n al cliente y esfuerzos de marketing. Podemos permitir que terceros seleccionados utilicen tecnolog\u00eda de seguimiento en los Servicios, lo que les permitir\u00e1 recopilar datos sobre c\u00f3mo interact\u00faa con los Servicios a lo largo del tiempo. Esta informaci\u00f3n puede usarse para, entre otras cosas, analizar y rastrear datos, determinar la popularidad de cierto contenido y comprender mejor la actividad en l\u00ednea. A menos que se describa en esta Pol\u00edtica, no compartimos, vendemos, alquilamos ni intercambiamos ninguno de sus datos con terceros para sus fines promocionales.<\/li>\n\n\n\n<li><strong>Transferencias de Negocios.<\/strong> Podemos compartir o transferir su informaci\u00f3n en relaci\u00f3n con, o durante las negociaciones de, cualquier fusi\u00f3n, venta de activos de la empresa, financiaci\u00f3n o adquisici\u00f3n de la totalidad o parte de nuestro negocio a otra empresa.<\/li>\n\n\n\n<li><strong>Anunciantes de terceros.<\/strong> Podemos utilizar empresas de publicidad de terceros para mostrar anuncios cuando visite los Servicios. Estas empresas pueden utilizar informaci\u00f3n sobre sus visitas a nuestro(s) Sitio(s) web y otros sitios web que se encuentran en cookies web y otras tecnolog\u00edas de seguimiento para mostrar anuncios sobre bienes y servicios que le interesen.<\/li>\n<\/ul>\n\n\n\n<h3 class=\"wp-block-heading\" id=\"4-do-we-use-cookies-and-other-tracking-technologies\">4. \u00bfUtilizamos cookies y otras tecnolog\u00edas de seguimiento?<\/h3>\n\n\n\n<p><strong><em>En breve:<\/em><\/strong><em> Podemos utilizar cookies y otras tecnolog\u00edas de seguimiento para recopilar y almacenar su informaci\u00f3n.<\/em><\/p>\n\n\n\n<p>Podemos utilizar cookies y tecnolog\u00edas de seguimiento similares (como balizas web y p\u00edxeles) para acceder o almacenar informaci\u00f3n.<\/p>\n\n\n\n<h3 class=\"wp-block-heading\" id=\"5-do-we-use-google-maps\">5. \u00bfUtilizamos Google Maps?<\/h3>\n\n\n\n<p><strong><em>En breve: <\/em><\/strong><em>S\u00ed, utilizamos Google Maps con el fin de brindar un mejor servicio.<\/em><\/p>\n\n\n\n<p>Este sitio web, aplicaci\u00f3n m\u00f3vil o aplicaci\u00f3n de Facebook utiliza las API de Google Maps. Puede encontrar las Condiciones del servicio de las API de Google Maps <a href=\"https:\/\/cloud.google.com\/maps-platform\/terms\/\" rel=\"nofollow noopener\" target=\"_blank\">aqu\u00ed<\/a>Para comprender mejor la Pol\u00edtica de privacidad de Google, consulte esta <a href=\"https:\/\/policies.google.com\/privacy\" rel=\"nofollow noopener\" target=\"_blank\">enlace<\/a>.<\/p>\n\n\n\n<p>Al utilizar nuestra implementaci\u00f3n de API de Maps, usted acepta estar sujeto a los T\u00e9rminos de servicio de Google.<\/p>\n\n\n\n<h3 class=\"wp-block-heading\" id=\"6-how-long-do-we-keep-your-information\">6. \u00bfDurante cu\u00e1nto tiempo conservamos su informaci\u00f3n?<\/h3>\n\n\n\n<p><strong><em>En breve: <\/em><\/strong><em>Conservamos su informaci\u00f3n durante el tiempo que sea necesario para cumplir con los fines descritos en este aviso de privacidad, a menos que la ley exija lo contrario.<\/em><\/p>\n\n\n\n<p>Solo conservaremos su informaci\u00f3n personal durante el tiempo que sea necesario para los fines establecidos en este aviso de privacidad, a menos que la ley exija o permita un per\u00edodo de retenci\u00f3n m\u00e1s prolongado (como requisitos fiscales, contables u otros requisitos legales). Ning\u00fan prop\u00f3sito de esta pol\u00edtica nos obligar\u00e1 a conservar su informaci\u00f3n personal durante m\u00e1s de 1 a\u00f1o.<\/p>\n\n\n\n<p>Cuando no tengamos una necesidad comercial leg\u00edtima en curso para procesar su informaci\u00f3n personal, la eliminaremos o la anonimizaremos o, si esto no es posible (por ejemplo, porque su informaci\u00f3n personal ha sido almacenada en archivos de respaldo), almacenaremos de forma segura su informaci\u00f3n personal y la aislaremos de cualquier procesamiento posterior hasta que sea posible eliminarla.<\/p>\n\n\n\n<h3 class=\"wp-block-heading\" id=\"7-how-do-we-keep-your-information-safe\">7. \u00bfC\u00f3mo mantenemos segura su informaci\u00f3n?<\/h3>\n\n\n\n<p><strong><em>En breve: <\/em><\/strong><em>Nuestro objetivo es proteger su informaci\u00f3n personal a trav\u00e9s de un sistema de medidas de seguridad organizativas y t\u00e9cnicas.<\/em><\/p>\n\n\n\n<p>Hemos implementado medidas de seguridad t\u00e9cnicas y organizativas adecuadas dise\u00f1adas para proteger la seguridad de cualquier informaci\u00f3n personal que procesemos. Sin embargo, recuerde tambi\u00e9n que no podemos garantizar que Internet sea completamente seguro. Si bien haremos todo lo posible para proteger su informaci\u00f3n personal, la transmisi\u00f3n de informaci\u00f3n personal hacia y desde nuestros Servicios se realiza bajo su propio riesgo. Solo debe acceder a los servicios dentro de un entorno seguro.<\/p>\n\n\n\n<h3 class=\"wp-block-heading\" id=\"8-do-we-collect-information-from-minors\">8. \u00bfRecopilamos informaci\u00f3n de menores de edad?<\/h3>\n\n\n\n<p><strong><em>En breve: <\/em><\/strong><em>No recopilamos deliberadamente datos de ni\u00f1os menores de 18 a\u00f1os ni realizamos marketing dirigido a ellos.<\/em><\/p>\n\n\n\n<p>No solicitamos deliberadamente datos de ni\u00f1os menores de 18 a\u00f1os ni comercializamos con ellos. Al utilizar los Servicios, usted declara que tiene al menos 18 a\u00f1os o que es el padre o tutor de dicho menor y da su consentimiento para que dicho menor dependiente utilice los Servicios. Si nos enteramos de que se ha recopilado informaci\u00f3n personal de usuarios menores de 18 a\u00f1os, desactivaremos la cuenta y tomaremos medidas razonables para eliminar r\u00e1pidamente dichos datos de nuestros registros. Si se entera de que hemos recopilado datos de ni\u00f1os menores de 18 a\u00f1os, comun\u00edquese con nosotros.<\/p>\n\n\n\n<h3 class=\"wp-block-heading\" id=\"9-what-are-your-privacy-rights\">9. \u00bfCu\u00e1les son sus derechos de privacidad?<\/h3>\n\n\n\n<p><strong><em>En breve: <\/em><\/strong><em>Puede revisar, cambiar o cancelar su cuenta en cualquier momento.<\/em><\/p>\n\n\n\n<p>Si reside en el Espacio Econ\u00f3mico Europeo y cree que estamos procesando ilegalmente su informaci\u00f3n personal, tambi\u00e9n tiene derecho a presentar una reclamaci\u00f3n ante la autoridad de control de protecci\u00f3n de datos local. Puede encontrar sus datos de contacto aqu\u00ed: <a href=\"https:\/\/ec.europa.eu\/newsroom\/article29\/item-detail.cfm?item_id=612080\" rel=\"nofollow noopener\" target=\"_blank\">http:\/\/ec.europa.eu\/justice\/data-protection\/bodies\/authorities\/index_en.htm<\/a>.<\/p>\n\n\n\n<p><strong>Cookies y tecnolog\u00edas similares: <\/strong>La mayor\u00eda de los navegadores web est\u00e1n configurados para aceptar cookies de forma predeterminada. Si lo prefiere, generalmente puede configurar su navegador para eliminar las cookies y rechazarlas. Si elige eliminar las cookies o rechazarlas, esto podr\u00eda afectar ciertas funciones o servicios de nuestros Servicios. Para inhabilitar la publicidad basada en intereses de los anunciantes en nuestros Servicios, visite <a href=\"https:\/\/optout.aboutads.info\/?c=2&amp;lang=EN\" rel=\"nofollow noopener\" target=\"_blank\">http:\/\/www.aboutads.info\/choices\/<\/a>.<\/p>\n\n\n\n<h3 class=\"wp-block-heading\" id=\"10-controls-for-do-not-track-dnt-features\">10. Controles para funciones de no seguimiento (DNT)<\/h3>\n\n\n\n<p>La mayor\u00eda de los navegadores web y algunos sistemas operativos y aplicaciones m\u00f3viles incluyen una funci\u00f3n o configuraci\u00f3n de No rastrear (\u201cDNT\u201d) que puede activar para indicar su preferencia de privacidad de que no se controlen ni recopilen datos sobre sus actividades de navegaci\u00f3n en l\u00ednea. No se ha finalizado ning\u00fan est\u00e1ndar tecnol\u00f3gico uniforme para reconocer e implementar se\u00f1ales DNT. Por lo tanto, actualmente no respondemos a las se\u00f1ales DNT del navegador ni a ning\u00fan otro mecanismo que comunique autom\u00e1ticamente su elecci\u00f3n de no ser rastreado en l\u00ednea. Si se adopta un est\u00e1ndar para el rastreo en l\u00ednea que debamos seguir en el futuro, le informaremos sobre esa pr\u00e1ctica en una versi\u00f3n revisada de este aviso de privacidad.<\/p>\n\n\n\n<h3 class=\"wp-block-heading\" id=\"11-do-california-residents-have-specific-privacy-rights\">11. \u00bfLos residentes de California tienen derechos de privacidad espec\u00edficos?<\/h3>\n\n\n\n<p><strong><em>En breve: <\/em><\/strong><em>S\u00ed, si usted es residente de California, se le otorgan derechos espec\u00edficos con respecto al acceso a su informaci\u00f3n personal.<\/em><\/p>\n\n\n\n<p>La Secci\u00f3n 1798.83 del C\u00f3digo Civil de California, tambi\u00e9n conocida como la ley \u201cShine The Light\u201d, permite a nuestros usuarios residentes de California solicitar y obtener de nosotros, una vez al a\u00f1o y de forma gratuita, informaci\u00f3n sobre las categor\u00edas de informaci\u00f3n personal (si corresponde) que divulgamos a terceros con fines de marketing directo y los nombres y direcciones de todos los terceros con los que compartimos informaci\u00f3n personal en el a\u00f1o calendario inmediatamente anterior. Si usted es residente de California y desea realizar dicha solicitud, env\u00edenos su solicitud por escrito utilizando la informaci\u00f3n de contacto que se proporciona a continuaci\u00f3n.<\/p>\n\n\n\n<p>Si tiene menos de 18 a\u00f1os, reside en California y tiene una cuenta registrada en los Servicios, tiene derecho a solicitar la eliminaci\u00f3n de los datos no deseados que publique p\u00fablicamente en los Servicios. Para solicitar la eliminaci\u00f3n de dichos datos, comun\u00edquese con nosotros utilizando la informaci\u00f3n de contacto que se proporciona a continuaci\u00f3n e incluya la direcci\u00f3n de correo electr\u00f3nico asociada con su cuenta y una declaraci\u00f3n de que reside en California. Nos aseguraremos de que los datos no se muestren p\u00fablicamente en los Servicios, pero tenga en cuenta que es posible que los datos no se eliminen de nuestros sistemas de forma completa o integral.<\/p>\n\n\n\n<h3 class=\"wp-block-heading\" id=\"12-do-we-make-updates-to-this-policy\">12. \u00bfRealizamos actualizaciones a esta pol\u00edtica?<\/h3>\n\n\n\n<p><strong><em>En breve: <\/em><\/strong><em>S\u00ed, actualizaremos esta pol\u00edtica seg\u00fan sea necesario para cumplir con las leyes pertinentes.<\/em><\/p>\n\n\n\n<p>Es posible que actualicemos este aviso de privacidad de vez en cuando. La versi\u00f3n actualizada se indicar\u00e1 con una fecha de \u201cRevisi\u00f3n\u201d actualizada y la versi\u00f3n actualizada entrar\u00e1 en vigencia tan pronto como est\u00e9 disponible. Si realizamos cambios materiales a este aviso de privacidad, es posible que se lo notifiquemos ya sea publicando un aviso de dichos cambios de manera destacada o envi\u00e1ndole directamente una notificaci\u00f3n. Le recomendamos que revise este aviso de privacidad con frecuencia para estar informado sobre c\u00f3mo protegemos su informaci\u00f3n.<\/p>\n\n\n\n<h3 class=\"wp-block-heading\" id=\"13-how-can-you-contact-us-about-this-policy\">13. \u00bfC\u00f3mo puede ponerse en contacto con nosotros sobre esta pol\u00edtica?<\/h3>\n\n\n\n<p>Si tiene alguna pregunta sobre esta pol\u00edtica, cont\u00e1ctenos a trav\u00e9s de nuestro sitio web.<\/p>\n\n\n\n<p><strong>\u00bfC\u00f3mo puede revisar, actualizar o eliminar los datos que recopilamos de usted?<\/strong><\/p>\n\n\n\n<p>Seg\u00fan las leyes de algunos pa\u00edses, es posible que tenga derecho a solicitar acceso a la informaci\u00f3n personal que recopilamos de usted, cambiar dicha informaci\u00f3n o eliminarla en algunas circunstancias. Para solicitar la revisi\u00f3n, actualizaci\u00f3n o eliminaci\u00f3n de su informaci\u00f3n personal, comun\u00edquese con nosotros. Responderemos a su solicitud en un plazo de 30 d\u00edas.<\/p>","protected":false},"excerpt":{"rendered":"<p>Gracias por elegir ser parte de nuestra comunidad en Waste Pro USA, Inc., que opera como Waste Pro USA (\u201cWaste Pro USA\u201d, \u201cnosotros\u201d, \u201cnos\u201d o \u201cnuestro\u201d). Nos comprometemos a proteger su informaci\u00f3n personal y su derecho a la privacidad. Si tiene alguna pregunta o inquietud sobre nuestro aviso o nuestras pr\u00e1cticas con\u2026<\/p>","protected":false},"author":23,"featured_media":0,"parent":0,"menu_order":0,"comment_status":"closed","ping_status":"closed","template":"","meta":{"_acf_changed":false,"advgb_blocks_editor_width":"","advgb_blocks_columns_visual_guide":"","footnotes":""},"class_list":["post-13191","page","type-page","status-publish","hentry"],"acf":{"hide_global_cta_bar":false,"hide_social_header_bar":false,"top_bar_text":"","top_bar_button":"","header_cta_title":"","header_cta_buttons":null},"coauthors":[],"author_meta":{"author_link":"https:\/\/www.wasteprousa.com\/es\/author\/evan\/","display_name":"Waste Pro"},"relative_dates":{"created":"Publicado 1 a\u00f1o hace","modified":"Actualizado 1 a\u00f1o hace"},"absolute_dates":{"created":"Publicado el marzo 7, 2025","modified":"Actualizado el marzo 7, 2025"},"absolute_dates_time":{"created":"Publicado el marzo 7, 2025 8:51 am","modified":"Actualizado el marzo 7, 2025 8:58 am"},"featured_img_caption":"","featured_img":false,"series_order":"","publishpress_future_workflow_manual_trigger":{"enabledWorkflows":[]},"_links":{"self":[{"href":"https:\/\/www.wasteprousa.com\/es\/wp-json\/wp\/v2\/pages\/13191","targetHints":{"allow":["GET"]}}],"collection":[{"href":"https:\/\/www.wasteprousa.com\/es\/wp-json\/wp\/v2\/pages"}],"about":[{"href":"https:\/\/www.wasteprousa.com\/es\/wp-json\/wp\/v2\/types\/page"}],"author":[{"embeddable":true,"href":"https:\/\/www.wasteprousa.com\/es\/wp-json\/wp\/v2\/users\/23"}],"replies":[{"embeddable":true,"href":"https:\/\/www.wasteprousa.com\/es\/wp-json\/wp\/v2\/comments?post=13191"}],"version-history":[{"count":0,"href":"https:\/\/www.wasteprousa.com\/es\/wp-json\/wp\/v2\/pages\/13191\/revisions"}],"wp:attachment":[{"href":"https:\/\/www.wasteprousa.com\/es\/wp-json\/wp\/v2\/media?parent=13191"}],"curies":[{"name":"wp","href":"https:\/\/api.w.org\/{rel}","templated":true}]}}